{"id":2421,"date":"2025-11-19T20:47:18","date_gmt":"2025-11-19T20:47:18","guid":{"rendered":"https:\/\/servicioswebmedia.com\/pt\/?post_type=product&#038;p=2421"},"modified":"2025-11-19T22:03:49","modified_gmt":"2025-11-19T22:03:49","slug":"melhorar-o-youtube-para-a-ia","status":"publish","type":"product","link":"https:\/\/servicioswebmedia.com\/pt\/produto\/melhorar-o-youtube-para-a-ia\/","title":{"rendered":"Melhorar o YouTube para a IA"},"content":{"rendered":"<h2>Melhorar o YouTube para a IA<\/h2>\n<div class=\" mt-6 p-4\">\n<p class=\"text-gray-300\">Pronto para comprar otimiza\u00e7\u00e3o canal com IA, assinar ferramenta SEO para v\u00eddeos ou adquirir estrat\u00e9gia AEO para v\u00eddeos? Escolha YouTube AEO Optimizer e transforme o seu canal.<\/p>\n<\/div>\n<div class=\"mt-6 p-4\">\n<ul class=\"list-disc space-y-2 pl-5 text-gray-300\">\n<li>Seu canal ganha destaque nas buscas por IA e YouTube.<\/li>\n<li>Voc\u00ea economiza horas configurando um canal otimizado e estrat\u00e9gico.<\/li>\n<li>Receba ideias certeiras alinhadas ao seu p\u00fablico e servi\u00e7os.<\/li>\n<li>Seu canal aparece nas buscas por voz com metadados otimizados.<\/li>\n<\/ul>\n<\/div>\n<div class=\"mt-4 p-4\">\n<h3 class=\"text-lg font-semibold text-gray-200\">Perguntas frequentes<\/h3>\n<div class=\"grid md:grid-cols-2 gap-2\">\n<div class=\"rounded-md bg-gray-800 p-2\">\n<h3 class=\"text-sm font-semibold text-white\">O investimento vale a pena para o retorno que vou obter?<\/h3>\n<p class=\"mt-2 text-gray-300\">Sim. Aumentamos visibilidade qualificada, gerando tr\u00e1fego e leads com consist\u00eancia comprovada.<\/p>\n<\/div>\n<div class=\"rounded-md bg-gray-800 p-2\">\n<h3 class=\"text-sm font-semibold text-white\">Isso realmente funciona para o meu nicho e p\u00fablico espec\u00edficos?<\/h3>\n<p class=\"mt-2 text-gray-300\">Sim. Estrat\u00e9gias personalizadas por nicho, palavras-chave e inten\u00e7\u00e3o aumentam descobertas no YouTube.<\/p>\n<\/div>\n<div class=\"rounded-md bg-gray-800 p-2\">\n<h3 class=\"text-sm font-semibold text-white\">Vou gastar muito tempo configurando e usando isso?<\/h3>\n<p class=\"mt-2 text-gray-300\">N\u00e3o. Entregamos configura\u00e7\u00f5es prontas e claras, economizando horas de trabalho.<\/p>\n<\/div>\n<div class=\"rounded-md bg-gray-800 p-2\">\n<h3 class=\"text-sm font-semibold text-white\">E se os algoritmos do YouTube e IA mudarem?<\/h3>\n<p class=\"mt-2 text-gray-300\">Atualizamos continuamente as recomenda\u00e7\u00f5es para manter seu canal vis\u00edvel e competitivo.<\/p>\n<\/div>\n<\/div>\n<\/div>\n<p>&nbsp;<\/p>\n","protected":false},"excerpt":{"rendered":"<p>YouTube AEO Optimizer \u00e9 uma aplica\u00e7\u00e3o inteligente de otimiza\u00e7\u00e3o YouTube com IA que cria perfis e estrat\u00e9gias de conte\u00fado orientadas por AEO e SEO para YouTube, ajudando a sua empresa a aumentar visibilidade, envolvimento e descoberta. A partir de informa\u00e7\u00f5es como servi\u00e7os, p\u00fablico-alvo e palavras\u2011chave, geramos configura\u00e7\u00e3o profissional de canal otimizado, descri\u00e7\u00f5es, playlists e ideias de v\u00eddeos para SEO, calibradas para o algoritmo do YouTube, plataformas baseadas em IA e pesquisa por voz no YouTube. Alcance mais clientes com otimiza\u00e7\u00e3o de canal com IA, SEO canais de v\u00eddeo e estrat\u00e9gias AEO para v\u00eddeos alinhadas com as tend\u00eancias de descoberta por voz.<\/p>\n<h3>N\u00e3o trate YouTube como social, trate-o como motor de busca.<\/h3>\n","protected":false},"featured_media":2391,"template":"","meta":{"_uag_custom_page_level_css":"","site-sidebar-layout":"default","site-content-layout":"","ast-site-content-layout":"default","site-content-style":"default","site-sidebar-style":"default","ast-global-header-display":"","ast-banner-title-visibility":"","ast-main-header-display":"","ast-hfb-above-header-display":"","ast-hfb-below-header-display":"","ast-hfb-mobile-header-display":"","site-post-title":"","ast-breadcrumbs-content":"","ast-featured-img":"","footer-sml-layout":"","ast-disable-related-posts":"","theme-transparent-header-meta":"default","adv-header-id-meta":"","stick-header-meta":"default","header-above-stick-meta":"","header-main-stick-meta":"","header-below-stick-meta":"","astra-migrate-meta-layouts":"set","ast-page-background-enabled":"default","ast-page-background-meta":{"desktop":{"background-color":"var(--ast-global-color-4)","background-image":"","background-repeat":"repeat","background-position":"center center","background-size":"auto","background-attachment":"scroll","background-type":"","background-media":"","overlay-type":"","overlay-color":"","overlay-opacity":"","overlay-gradient":""},"tablet":{"background-color":"","background-image":"","background-repeat":"repeat","background-position":"center center","background-size":"auto","background-attachment":"scroll","background-type":"","background-media":"","overlay-type":"","overlay-color":"","overlay-opacity":"","overlay-gradient":""},"mobile":{"background-color":"","background-image":"","background-repeat":"repeat","background-position":"center center","background-size":"auto","background-attachment":"scroll","background-type":"","background-media":"","overlay-type":"","overlay-color":"","overlay-opacity":"","overlay-gradient":""}},"ast-content-background-meta":{"desktop":{"background-color":"var(--ast-global-color-5)","background-image":"","background-repeat":"repeat","background-position":"center center","background-size":"auto","background-attachment":"scroll","background-type":"","background-media":"","overlay-type":"","overlay-color":"","overlay-opacity":"","overlay-gradient":""},"tablet":{"background-color":"var(--ast-global-color-5)","background-image":"","background-repeat":"repeat","background-position":"center center","background-size":"auto","background-attachment":"scroll","background-type":"","background-media":"","overlay-type":"","overlay-color":"","overlay-opacity":"","overlay-gradient":""},"mobile":{"background-color":"var(--ast-global-color-5)","background-image":"","background-repeat":"repeat","background-position":"center center","background-size":"auto","background-attachment":"scroll","background-type":"","background-media":"","overlay-type":"","overlay-color":"","overlay-opacity":"","overlay-gradient":""}}},"product_brand":[],"product_cat":[48,98,31],"product_tag":[161,160,159,152,153,156,150,151,158,155,157,154],"class_list":{"0":"post-2421","1":"product","2":"type-product","3":"status-publish","4":"has-post-thumbnail","6":"product_cat-ia-para-pmes","7":"product_cat-posicionamento-aeo","8":"product_cat-sem-categoria","9":"product_tag-adquirir-plataforma-otimizacao-conteudo-ia","10":"product_tag-assinar-software-aeo-para-pmes","11":"product_tag-comprar-ferramenta-ia-videos-curtos","12":"product_tag-estrategias-para-videos-curtos-tiktok-aeo-optimizer","13":"product_tag-ferramenta-ia-otimizacao-conteudo","14":"product_tag-ferramenta-ia-para-videos-curtos","15":"product_tag-ia-para-pmes-tiktok-aeo-optimizer","16":"product_tag-otimizacao-aeo-com-ia-tiktok-aeo-optimizer","17":"product_tag-plataforma-ia-otimizacao-conteudo-social","18":"product_tag-plataforma-ia-perfis-sociais","19":"product_tag-software-aeo-para-pequenas-empresas","20":"product_tag-software-aeo-videos-curtos","21":"desktop-align-left","22":"tablet-align-left","23":"mobile-align-left","25":"first","26":"instock","27":"virtual","28":"taxable","29":"purchasable","30":"product-type-simple"},"uagb_featured_image_src":{"full":["https:\/\/servicioswebmedia.com\/pt\/wp-content\/uploads\/aeo-youtube.png",600,600,false],"thumbnail":["https:\/\/servicioswebmedia.com\/pt\/wp-content\/uploads\/aeo-youtube-150x150.png",150,150,true],"medium":["https:\/\/servicioswebmedia.com\/pt\/wp-content\/uploads\/aeo-youtube-300x300.png",300,300,true],"medium_large":["https:\/\/servicioswebmedia.com\/pt\/wp-content\/uploads\/aeo-youtube.png",600,600,false],"large":["https:\/\/servicioswebmedia.com\/pt\/wp-content\/uploads\/aeo-youtube.png",600,600,false],"1536x1536":["https:\/\/servicioswebmedia.com\/pt\/wp-content\/uploads\/aeo-youtube.png",600,600,false],"2048x2048":["https:\/\/servicioswebmedia.com\/pt\/wp-content\/uploads\/aeo-youtube.png",600,600,false],"gform-image-choice-sm":["https:\/\/servicioswebmedia.com\/pt\/wp-content\/uploads\/aeo-youtube.png",300,300,false],"gform-image-choice-md":["https:\/\/servicioswebmedia.com\/pt\/wp-content\/uploads\/aeo-youtube.png",400,400,false],"gform-image-choice-lg":["https:\/\/servicioswebmedia.com\/pt\/wp-content\/uploads\/aeo-youtube.png",600,600,false],"woocommerce_thumbnail":["https:\/\/servicioswebmedia.com\/pt\/wp-content\/uploads\/aeo-youtube-300x300.png",300,300,true],"woocommerce_single":["https:\/\/servicioswebmedia.com\/pt\/wp-content\/uploads\/aeo-youtube.png",600,600,false],"woocommerce_gallery_thumbnail":["https:\/\/servicioswebmedia.com\/pt\/wp-content\/uploads\/aeo-youtube-100x100.png",100,100,true]},"uagb_author_info":{"display_name":"SWM PT","author_link":"https:\/\/servicioswebmedia.com\/pt\/author\/"},"uagb_comment_info":0,"uagb_excerpt":"YouTube AEO Optimizer \u00e9 uma aplica\u00e7\u00e3o inteligente de otimiza\u00e7\u00e3o YouTube com IA que cria perfis e estrat\u00e9gias de conte\u00fado orientadas por AEO e SEO para YouTube, ajudando a sua empresa a aumentar visibilidade, envolvimento e descoberta. A partir de informa\u00e7\u00f5es como servi\u00e7os, p\u00fablico-alvo e palavras\u2011chave, geramos configura\u00e7\u00e3o profissional de canal otimizado, descri\u00e7\u00f5es, playlists e ideias&hellip;","_links":{"self":[{"href":"https:\/\/servicioswebmedia.com\/pt\/wp-json\/wp\/v2\/product\/2421","targetHints":{"allow":["GET"]}}],"collection":[{"href":"https:\/\/servicioswebmedia.com\/pt\/wp-json\/wp\/v2\/product"}],"about":[{"href":"https:\/\/servicioswebmedia.com\/pt\/wp-json\/wp\/v2\/types\/product"}],"wp:featuredmedia":[{"embeddable":true,"href":"https:\/\/servicioswebmedia.com\/pt\/wp-json\/wp\/v2\/media\/2391"}],"wp:attachment":[{"href":"https:\/\/servicioswebmedia.com\/pt\/wp-json\/wp\/v2\/media?parent=2421"}],"wp:term":[{"taxonomy":"product_brand","embeddable":true,"href":"https:\/\/servicioswebmedia.com\/pt\/wp-json\/wp\/v2\/product_brand?post=2421"},{"taxonomy":"product_cat","embeddable":true,"href":"https:\/\/servicioswebmedia.com\/pt\/wp-json\/wp\/v2\/product_cat?post=2421"},{"taxonomy":"product_tag","embeddable":true,"href":"https:\/\/servicioswebmedia.com\/pt\/wp-json\/wp\/v2\/product_tag?post=2421"}],"curies":[{"name":"wp","href":"https:\/\/api.w.org\/{rel}","templated":true}]}}