{"id":1629,"date":"2025-10-25T18:17:08","date_gmt":"2025-10-25T18:17:08","guid":{"rendered":"https:\/\/servicioswebmedia.com\/pt\/?post_type=product&#038;p=1629"},"modified":"2025-10-25T18:17:18","modified_gmt":"2025-10-25T18:17:18","slug":"proposta-de-posicionamento-aeo","status":"publish","type":"product","link":"https:\/\/servicioswebmedia.com\/pt\/produto\/proposta-de-posicionamento-aeo\/","title":{"rendered":"Proposta de Posicionamento AEO"},"content":{"rendered":"<h2 data-start=\"326\" data-end=\"379\">Descri\u00e7\u00e3o Longa para WooCommerce (SEO-friendly)<\/h2>\n<blockquote data-start=\"381\" data-end=\"1133\">\n<p data-start=\"383\" data-end=\"451\"><strong data-start=\"383\" data-end=\"449\">A pr\u00f3xima grande revolu\u00e7\u00e3o no SEO j\u00e1 come\u00e7ou \u2014 e chama-se AEO.<\/strong><\/p>\n<p data-start=\"458\" data-end=\"608\">A Proposta de Posicionamento AEO \u00e9 o teu primeiro passo estrat\u00e9gico para aparecer onde os motores de busca respondem\u2026 e n\u00e3o apenas onde mostram links.<\/p>\n<p data-start=\"613\" data-end=\"846\">Com a explos\u00e3o dos <strong data-start=\"632\" data-end=\"704\">assistentes virtuais (como o ChatGPT, Alexa, Google Assistant, Siri)<\/strong> e das <strong data-start=\"711\" data-end=\"742\">respostas diretas nas SERPs<\/strong>, os motores de busca mudaram. E quem n\u00e3o se adaptar \u00e0 <strong data-start=\"797\" data-end=\"827\">Answer Engine Optimisation<\/strong>, ficar\u00e1 para tr\u00e1s.<\/p>\n<p data-start=\"851\" data-end=\"877\">Este servi\u00e7o \u00e9 ideal para:<\/p>\n<ul data-start=\"880\" data-end=\"1133\">\n<li data-start=\"880\" data-end=\"967\">\n<p data-start=\"882\" data-end=\"967\">Neg\u00f3cios locais e e-commerce que querem <strong data-start=\"922\" data-end=\"966\">aparecer nas respostas diretas do Google<\/strong>;<\/p>\n<\/li>\n<li data-start=\"970\" data-end=\"1037\">\n<p data-start=\"972\" data-end=\"1037\">Marcas que querem posicionar-se como <strong data-start=\"1009\" data-end=\"1036\">autoridade no seu nicho<\/strong>;<\/p>\n<\/li>\n<li data-start=\"1040\" data-end=\"1133\">\n<p data-start=\"1042\" data-end=\"1133\">Profissionais digitais que querem antecipar tend\u00eancias e <strong data-start=\"1099\" data-end=\"1132\">dominar o SEO de nova gera\u00e7\u00e3o<\/strong>.<\/p>\n<\/li>\n<\/ul>\n<\/blockquote>\n","protected":false},"excerpt":{"rendered":"<ul>\n<li data-start=\"1165\" data-end=\"1227\">\n<p data-start=\"1167\" data-end=\"1227\"><strong data-start=\"1167\" data-end=\"1196\">An\u00e1lise AEO personalizada<\/strong> do teu website e do teu setor;<\/p>\n<\/li>\n<li data-start=\"1228\" data-end=\"1313\">\n<p data-start=\"1230\" data-end=\"1313\"><strong data-start=\"1230\" data-end=\"1258\">Mapeamento das perguntas<\/strong> mais feitas nos motores de resposta sobre o teu nicho;<\/p>\n<\/li>\n<li data-start=\"1314\" data-end=\"1440\">\n<p data-start=\"1316\" data-end=\"1440\"><strong data-start=\"1316\" data-end=\"1361\">Proposta de conte\u00fados otimizados para AEO<\/strong> (respostas curtas, estrutura de dados, featured snippets, voice search, etc.);<\/p>\n<\/li>\n<li data-start=\"1441\" data-end=\"1487\">\n<p data-start=\"1443\" data-end=\"1487\">Checklist t\u00e9cnico para implementa\u00e7\u00e3o r\u00e1pida;<\/p>\n<\/li>\n<li data-start=\"1488\" data-end=\"1537\">\n<p data-start=\"1490\" data-end=\"1537\">Relat\u00f3rio em PDF com plano de a\u00e7\u00e3o estrat\u00e9gico.<\/p>\n<\/li>\n<\/ul>\n","protected":false},"featured_media":1630,"template":"","meta":{"_uag_custom_page_level_css":"","site-sidebar-layout":"default","site-content-layout":"","ast-site-content-layout":"default","site-content-style":"default","site-sidebar-style":"default","ast-global-header-display":"","ast-banner-title-visibility":"","ast-main-header-display":"","ast-hfb-above-header-display":"","ast-hfb-below-header-display":"","ast-hfb-mobile-header-display":"","site-post-title":"","ast-breadcrumbs-content":"","ast-featured-img":"","footer-sml-layout":"","ast-disable-related-posts":"","theme-transparent-header-meta":"default","adv-header-id-meta":"","stick-header-meta":"default","header-above-stick-meta":"","header-main-stick-meta":"","header-below-stick-meta":"","astra-migrate-meta-layouts":"set","ast-page-background-enabled":"default","ast-page-background-meta":{"desktop":{"background-color":"var(--ast-global-color-4)","background-image":"","background-repeat":"repeat","background-position":"center center","background-size":"auto","background-attachment":"scroll","background-type":"","background-media":"","overlay-type":"","overlay-color":"","overlay-opacity":"","overlay-gradient":""},"tablet":{"background-color":"","background-image":"","background-repeat":"repeat","background-position":"center center","background-size":"auto","background-attachment":"scroll","background-type":"","background-media":"","overlay-type":"","overlay-color":"","overlay-opacity":"","overlay-gradient":""},"mobile":{"background-color":"","background-image":"","background-repeat":"repeat","background-position":"center center","background-size":"auto","background-attachment":"scroll","background-type":"","background-media":"","overlay-type":"","overlay-color":"","overlay-opacity":"","overlay-gradient":""}},"ast-content-background-meta":{"desktop":{"background-color":"var(--ast-global-color-5)","background-image":"","background-repeat":"repeat","background-position":"center center","background-size":"auto","background-attachment":"scroll","background-type":"","background-media":"","overlay-type":"","overlay-color":"","overlay-opacity":"","overlay-gradient":""},"tablet":{"background-color":"var(--ast-global-color-5)","background-image":"","background-repeat":"repeat","background-position":"center center","background-size":"auto","background-attachment":"scroll","background-type":"","background-media":"","overlay-type":"","overlay-color":"","overlay-opacity":"","overlay-gradient":""},"mobile":{"background-color":"var(--ast-global-color-5)","background-image":"","background-repeat":"repeat","background-position":"center center","background-size":"auto","background-attachment":"scroll","background-type":"","background-media":"","overlay-type":"","overlay-color":"","overlay-opacity":"","overlay-gradient":""}}},"product_brand":[],"product_cat":[87,98],"product_tag":[104,99,106,101,105,103,100,102],"class_list":{"0":"post-1629","1":"product","2":"type-product","3":"status-publish","4":"has-post-thumbnail","6":"product_cat-marketing-online","7":"product_cat-posicionamento-aeo","8":"product_tag-como-aparecer-no-google-com-respostas-diretas","9":"product_tag-otimizacao-aeo","10":"product_tag-otimizacao-para-assistentes-virtuais","11":"product_tag-posicionamento-google-featured-snippet","12":"product_tag-resposta-instantanea-google-portugal","13":"product_tag-seo-de-nova-geracao","14":"product_tag-seo-para-motores-de-resposta","15":"product_tag-seo-para-pesquisa-por-voz","16":"desktop-align-left","17":"tablet-align-left","18":"mobile-align-left","20":"first","21":"instock","22":"virtual","23":"taxable","24":"purchasable","25":"product-type-simple"},"uagb_featured_image_src":{"full":["https:\/\/servicioswebmedia.com\/pt\/wp-content\/uploads\/Proposta-de-Posicionamento-AEO-01.png",600,600,false],"thumbnail":["https:\/\/servicioswebmedia.com\/pt\/wp-content\/uploads\/Proposta-de-Posicionamento-AEO-01-150x150.png",150,150,true],"medium":["https:\/\/servicioswebmedia.com\/pt\/wp-content\/uploads\/Proposta-de-Posicionamento-AEO-01-300x300.png",300,300,true],"medium_large":["https:\/\/servicioswebmedia.com\/pt\/wp-content\/uploads\/Proposta-de-Posicionamento-AEO-01.png",600,600,false],"large":["https:\/\/servicioswebmedia.com\/pt\/wp-content\/uploads\/Proposta-de-Posicionamento-AEO-01.png",600,600,false],"1536x1536":["https:\/\/servicioswebmedia.com\/pt\/wp-content\/uploads\/Proposta-de-Posicionamento-AEO-01.png",600,600,false],"2048x2048":["https:\/\/servicioswebmedia.com\/pt\/wp-content\/uploads\/Proposta-de-Posicionamento-AEO-01.png",600,600,false],"gform-image-choice-sm":["https:\/\/servicioswebmedia.com\/pt\/wp-content\/uploads\/Proposta-de-Posicionamento-AEO-01.png",300,300,false],"gform-image-choice-md":["https:\/\/servicioswebmedia.com\/pt\/wp-content\/uploads\/Proposta-de-Posicionamento-AEO-01.png",400,400,false],"gform-image-choice-lg":["https:\/\/servicioswebmedia.com\/pt\/wp-content\/uploads\/Proposta-de-Posicionamento-AEO-01.png",600,600,false],"woocommerce_thumbnail":["https:\/\/servicioswebmedia.com\/pt\/wp-content\/uploads\/Proposta-de-Posicionamento-AEO-01-300x300.png",300,300,true],"woocommerce_single":["https:\/\/servicioswebmedia.com\/pt\/wp-content\/uploads\/Proposta-de-Posicionamento-AEO-01.png",600,600,false],"woocommerce_gallery_thumbnail":["https:\/\/servicioswebmedia.com\/pt\/wp-content\/uploads\/Proposta-de-Posicionamento-AEO-01-100x100.png",100,100,true]},"uagb_author_info":{"display_name":"SWM PT","author_link":"https:\/\/servicioswebmedia.com\/pt\/author\/"},"uagb_comment_info":0,"uagb_excerpt":"An\u00e1lise AEO personalizada do teu website e do teu setor; Mapeamento das perguntas mais feitas nos motores de resposta sobre o teu nicho; Proposta de conte\u00fados otimizados para AEO (respostas curtas, estrutura de dados, featured snippets, voice search, etc.); Checklist t\u00e9cnico para implementa\u00e7\u00e3o r\u00e1pida; Relat\u00f3rio em PDF com plano de a\u00e7\u00e3o estrat\u00e9gico.","_links":{"self":[{"href":"https:\/\/servicioswebmedia.com\/pt\/wp-json\/wp\/v2\/product\/1629","targetHints":{"allow":["GET"]}}],"collection":[{"href":"https:\/\/servicioswebmedia.com\/pt\/wp-json\/wp\/v2\/product"}],"about":[{"href":"https:\/\/servicioswebmedia.com\/pt\/wp-json\/wp\/v2\/types\/product"}],"wp:featuredmedia":[{"embeddable":true,"href":"https:\/\/servicioswebmedia.com\/pt\/wp-json\/wp\/v2\/media\/1630"}],"wp:attachment":[{"href":"https:\/\/servicioswebmedia.com\/pt\/wp-json\/wp\/v2\/media?parent=1629"}],"wp:term":[{"taxonomy":"product_brand","embeddable":true,"href":"https:\/\/servicioswebmedia.com\/pt\/wp-json\/wp\/v2\/product_brand?post=1629"},{"taxonomy":"product_cat","embeddable":true,"href":"https:\/\/servicioswebmedia.com\/pt\/wp-json\/wp\/v2\/product_cat?post=1629"},{"taxonomy":"product_tag","embeddable":true,"href":"https:\/\/servicioswebmedia.com\/pt\/wp-json\/wp\/v2\/product_tag?post=1629"}],"curies":[{"name":"wp","href":"https:\/\/api.w.org\/{rel}","templated":true}]}}