{"id":1627,"date":"2025-10-25T17:41:13","date_gmt":"2025-10-25T17:41:13","guid":{"rendered":"https:\/\/servicioswebmedia.com\/pt\/?post_type=product&#038;p=1627"},"modified":"2025-10-25T17:53:08","modified_gmt":"2025-10-25T17:53:08","slug":"pesquisa-de-mercado","status":"publish","type":"product","link":"https:\/\/servicioswebmedia.com\/pt\/produto\/pesquisa-de-mercado\/","title":{"rendered":"Pesquisa de Mercado"},"content":{"rendered":"<p data-start=\"815\" data-end=\"889\"><strong data-start=\"815\" data-end=\"887\">Descobre onde est\u00e1 o teu espa\u00e7o no mercado \u2014 com precis\u00e3o cir\u00fargica.<\/strong><\/p>\n<p data-start=\"896\" data-end=\"1047\">Apresentamos o nosso servi\u00e7o exclusivo de <strong data-start=\"938\" data-end=\"982\">Pesquisa de Mercado com AI Deep Research<\/strong>, uma an\u00e1lise profunda, automatizada e estrat\u00e9gica que te revela:<\/p>\n<ul data-start=\"1053\" data-end=\"1387\">\n<li data-start=\"1053\" data-end=\"1104\">\n<p data-start=\"1055\" data-end=\"1104\">Quem s\u00e3o os teus verdadeiros concorrentes online;<\/p>\n<\/li>\n<li data-start=\"1107\" data-end=\"1176\">\n<p data-start=\"1109\" data-end=\"1176\">Quais s\u00e3o os seus pontos fortes e fracos (e como podes super\u00e1-los);<\/p>\n<\/li>\n<li data-start=\"1179\" data-end=\"1267\">\n<p data-start=\"1181\" data-end=\"1267\">Onde est\u00e3o os <strong data-start=\"1195\" data-end=\"1218\">nichos inexplorados<\/strong> e <strong data-start=\"1221\" data-end=\"1266\">oportunidades com alto potencial de lucro<\/strong>;<\/p>\n<\/li>\n<li data-start=\"1270\" data-end=\"1314\">\n<p data-start=\"1272\" data-end=\"1314\">Tend\u00eancias de consumo reais e atualizadas;<\/p>\n<\/li>\n<li data-start=\"1317\" data-end=\"1384\">\n<p data-start=\"1319\" data-end=\"1384\">Insights que te ajudam a posicionar a tua marca com intelig\u00eancia.<\/p>\n<\/li>\n<\/ul>\n<p data-start=\"1390\" data-end=\"1532\">Tudo isto entregue num relat\u00f3rio claro, acion\u00e1vel e adaptado ao teu neg\u00f3cio, seja ele uma loja online, um projeto digital ou um servi\u00e7o local.<\/p>\n","protected":false},"excerpt":{"rendered":"<p data-start=\"662\" data-end=\"756\"><strong data-start=\"662\" data-end=\"756\">Pesquisa de Mercado com AI Deep Research:<br \/>\nAn\u00e1lise da Concorr\u00eancia + Nichos de Oportunidade<\/strong><\/p>\n","protected":false},"featured_media":1628,"template":"","meta":{"_uag_custom_page_level_css":"","site-sidebar-layout":"default","site-content-layout":"","ast-site-content-layout":"default","site-content-style":"default","site-sidebar-style":"default","ast-global-header-display":"","ast-banner-title-visibility":"","ast-main-header-display":"","ast-hfb-above-header-display":"","ast-hfb-below-header-display":"","ast-hfb-mobile-header-display":"","site-post-title":"","ast-breadcrumbs-content":"","ast-featured-img":"","footer-sml-layout":"","ast-disable-related-posts":"","theme-transparent-header-meta":"default","adv-header-id-meta":"","stick-header-meta":"default","header-above-stick-meta":"","header-main-stick-meta":"","header-below-stick-meta":"","astra-migrate-meta-layouts":"set","ast-page-background-enabled":"default","ast-page-background-meta":{"desktop":{"background-color":"var(--ast-global-color-4)","background-image":"","background-repeat":"repeat","background-position":"center center","background-size":"auto","background-attachment":"scroll","background-type":"","background-media":"","overlay-type":"","overlay-color":"","overlay-opacity":"","overlay-gradient":""},"tablet":{"background-color":"","background-image":"","background-repeat":"repeat","background-position":"center center","background-size":"auto","background-attachment":"scroll","background-type":"","background-media":"","overlay-type":"","overlay-color":"","overlay-opacity":"","overlay-gradient":""},"mobile":{"background-color":"","background-image":"","background-repeat":"repeat","background-position":"center center","background-size":"auto","background-attachment":"scroll","background-type":"","background-media":"","overlay-type":"","overlay-color":"","overlay-opacity":"","overlay-gradient":""}},"ast-content-background-meta":{"desktop":{"background-color":"var(--ast-global-color-5)","background-image":"","background-repeat":"repeat","background-position":"center center","background-size":"auto","background-attachment":"scroll","background-type":"","background-media":"","overlay-type":"","overlay-color":"","overlay-opacity":"","overlay-gradient":""},"tablet":{"background-color":"var(--ast-global-color-5)","background-image":"","background-repeat":"repeat","background-position":"center center","background-size":"auto","background-attachment":"scroll","background-type":"","background-media":"","overlay-type":"","overlay-color":"","overlay-opacity":"","overlay-gradient":""},"mobile":{"background-color":"var(--ast-global-color-5)","background-image":"","background-repeat":"repeat","background-position":"center center","background-size":"auto","background-attachment":"scroll","background-type":"","background-media":"","overlay-type":"","overlay-color":"","overlay-opacity":"","overlay-gradient":""}}},"product_brand":[],"product_cat":[48],"product_tag":[97,91,92,96,94,93,90,95],"class_list":{"0":"post-1627","1":"product","2":"type-product","3":"status-publish","4":"has-post-thumbnail","6":"product_cat-ia-para-pmes","7":"product_tag-analise-competitiva-automatizada","8":"product_tag-analise-de-concorrencia-online","9":"product_tag-encontrar-nicho-de-mercado-portugal","10":"product_tag-estrategia-digital-com-ia","11":"product_tag-estudo-de-mercado-para-e-commerce","12":"product_tag-oportunidades-de-negocio-online","13":"product_tag-pesquisa-de-mercado-com-ia","14":"product_tag-pesquisa-de-nichos-lucrativos","15":"desktop-align-left","16":"tablet-align-left","17":"mobile-align-left","19":"first","20":"instock","21":"virtual","22":"taxable","23":"purchasable","24":"product-type-simple"},"uagb_featured_image_src":{"full":["https:\/\/servicioswebmedia.com\/pt\/wp-content\/uploads\/Pesquisa-de-Mercado-01.png",600,600,false],"thumbnail":["https:\/\/servicioswebmedia.com\/pt\/wp-content\/uploads\/Pesquisa-de-Mercado-01-150x150.png",150,150,true],"medium":["https:\/\/servicioswebmedia.com\/pt\/wp-content\/uploads\/Pesquisa-de-Mercado-01-300x300.png",300,300,true],"medium_large":["https:\/\/servicioswebmedia.com\/pt\/wp-content\/uploads\/Pesquisa-de-Mercado-01.png",600,600,false],"large":["https:\/\/servicioswebmedia.com\/pt\/wp-content\/uploads\/Pesquisa-de-Mercado-01.png",600,600,false],"1536x1536":["https:\/\/servicioswebmedia.com\/pt\/wp-content\/uploads\/Pesquisa-de-Mercado-01.png",600,600,false],"2048x2048":["https:\/\/servicioswebmedia.com\/pt\/wp-content\/uploads\/Pesquisa-de-Mercado-01.png",600,600,false],"gform-image-choice-sm":["https:\/\/servicioswebmedia.com\/pt\/wp-content\/uploads\/Pesquisa-de-Mercado-01.png",300,300,false],"gform-image-choice-md":["https:\/\/servicioswebmedia.com\/pt\/wp-content\/uploads\/Pesquisa-de-Mercado-01.png",400,400,false],"gform-image-choice-lg":["https:\/\/servicioswebmedia.com\/pt\/wp-content\/uploads\/Pesquisa-de-Mercado-01.png",600,600,false],"woocommerce_thumbnail":["https:\/\/servicioswebmedia.com\/pt\/wp-content\/uploads\/Pesquisa-de-Mercado-01-300x300.png",300,300,true],"woocommerce_single":["https:\/\/servicioswebmedia.com\/pt\/wp-content\/uploads\/Pesquisa-de-Mercado-01.png",600,600,false],"woocommerce_gallery_thumbnail":["https:\/\/servicioswebmedia.com\/pt\/wp-content\/uploads\/Pesquisa-de-Mercado-01-100x100.png",100,100,true]},"uagb_author_info":{"display_name":"SWM PT","author_link":"https:\/\/servicioswebmedia.com\/pt\/author\/"},"uagb_comment_info":0,"uagb_excerpt":"Pesquisa de Mercado com AI Deep Research: An\u00e1lise da Concorr\u00eancia + Nichos de Oportunidade","_links":{"self":[{"href":"https:\/\/servicioswebmedia.com\/pt\/wp-json\/wp\/v2\/product\/1627","targetHints":{"allow":["GET"]}}],"collection":[{"href":"https:\/\/servicioswebmedia.com\/pt\/wp-json\/wp\/v2\/product"}],"about":[{"href":"https:\/\/servicioswebmedia.com\/pt\/wp-json\/wp\/v2\/types\/product"}],"wp:featuredmedia":[{"embeddable":true,"href":"https:\/\/servicioswebmedia.com\/pt\/wp-json\/wp\/v2\/media\/1628"}],"wp:attachment":[{"href":"https:\/\/servicioswebmedia.com\/pt\/wp-json\/wp\/v2\/media?parent=1627"}],"wp:term":[{"taxonomy":"product_brand","embeddable":true,"href":"https:\/\/servicioswebmedia.com\/pt\/wp-json\/wp\/v2\/product_brand?post=1627"},{"taxonomy":"product_cat","embeddable":true,"href":"https:\/\/servicioswebmedia.com\/pt\/wp-json\/wp\/v2\/product_cat?post=1627"},{"taxonomy":"product_tag","embeddable":true,"href":"https:\/\/servicioswebmedia.com\/pt\/wp-json\/wp\/v2\/product_tag?post=1627"}],"curies":[{"name":"wp","href":"https:\/\/api.w.org\/{rel}","templated":true}]}}