{"id":1299,"date":"2024-10-31T19:22:26","date_gmt":"2024-10-31T19:22:26","guid":{"rendered":"https:\/\/servicioswebmedia.com\/pt\/?post_type=product&#038;p=1299"},"modified":"2025-10-25T13:10:49","modified_gmt":"2025-10-25T13:10:49","slug":"assistentes-gpt","status":"publish","type":"product","link":"https:\/\/servicioswebmedia.com\/pt\/produto\/assistentes-gpt\/","title":{"rendered":"Assistentes GPT"},"content":{"rendered":"<p><strong>Por que escolher nosso servi\u00e7o?<\/strong><\/p>\n<ul data-spread=\"false\">\n<li><strong>Implementa\u00e7\u00e3o R\u00e1pida e Suporte Completo<\/strong>: Nossa equipe se encarrega de todo o processo de configura\u00e7\u00e3o e ajustes, para que voc\u00ea n\u00e3o precise se preocupar com detalhes t\u00e9cnicos.<\/li>\n<li><strong>Custo-Benef\u00edcio<\/strong>: A solu\u00e7\u00e3o \u00e9 escal\u00e1vel e acess\u00edvel, especialmente pensada para as necessidades e limita\u00e7\u00f5es de pequenas e m\u00e9dias empresas.<\/li>\n<li><strong>Transforma\u00e7\u00e3o Digital ao Seu Alcance<\/strong>: Utilize tecnologia de ponta para melhorar seu posicionamento no mercado, garantindo uma opera\u00e7\u00e3o mais moderna e eficiente.<\/li>\n<\/ul>\n","protected":false},"excerpt":{"rendered":"<h3 data-pm-slice=\"1 3 []\">Assistentes GPT<\/h3>\n<p data-pm-slice=\"1 3 []\">Com a configura\u00e7\u00e3o de assistentes baseados em Intelig\u00eancia Artificial (IA) da tecnologia GPT, sua empresa ter\u00e1 acesso a uma ferramenta poderosa que pode:<\/p>\n<ul data-spread=\"false\">\n<li><strong>Automatizar tarefas repetitivas<\/strong>, como o atendimento ao cliente, agendamento de reuni\u00f5es, respostas a perguntas frequentes e envio de informa\u00e7\u00f5es.<\/li>\n<li><strong>Melhorar o atendimento ao cliente<\/strong>, fornecendo respostas r\u00e1pidas e precisas, garantindo uma experi\u00eancia positiva e aumentando a satisfa\u00e7\u00e3o dos seus clientes.<\/li>\n<li><strong>Reduzir custos operacionais<\/strong>, liberando o tempo da sua equipe para atividades mais estrat\u00e9gicas e aumentando a produtividade geral do neg\u00f3cio.<\/li>\n<li><strong>Personaliza\u00e7\u00e3o<\/strong>: cada assistente \u00e9 configurado para atender \u00e0s necessidades espec\u00edficas da sua empresa, respeitando a linguagem, o tom de voz e as particularidades do seu setor.<\/li>\n<li><strong>Disponibilidade 24\/7<\/strong>, garantindo que seus clientes tenham acesso \u00e0s informa\u00e7\u00f5es que precisam a qualquer hora, aumentando sua efici\u00eancia e competitividade.<\/li>\n<\/ul>\n","protected":false},"featured_media":1610,"template":"","meta":{"_uag_custom_page_level_css":"","site-sidebar-layout":"default","site-content-layout":"","ast-site-content-layout":"default","site-content-style":"default","site-sidebar-style":"default","ast-global-header-display":"","ast-banner-title-visibility":"","ast-main-header-display":"","ast-hfb-above-header-display":"","ast-hfb-below-header-display":"","ast-hfb-mobile-header-display":"","site-post-title":"","ast-breadcrumbs-content":"","ast-featured-img":"","footer-sml-layout":"","ast-disable-related-posts":"","theme-transparent-header-meta":"default","adv-header-id-meta":"","stick-header-meta":"default","header-above-stick-meta":"","header-main-stick-meta":"","header-below-stick-meta":"","astra-migrate-meta-layouts":"set","ast-page-background-enabled":"default","ast-page-background-meta":{"desktop":{"background-color":"var(--ast-global-color-4)","background-image":"","background-repeat":"repeat","background-position":"center center","background-size":"auto","background-attachment":"scroll","background-type":"","background-media":"","overlay-type":"","overlay-color":"","overlay-opacity":"","overlay-gradient":""},"tablet":{"background-color":"","background-image":"","background-repeat":"repeat","background-position":"center center","background-size":"auto","background-attachment":"scroll","background-type":"","background-media":"","overlay-type":"","overlay-color":"","overlay-opacity":"","overlay-gradient":""},"mobile":{"background-color":"","background-image":"","background-repeat":"repeat","background-position":"center center","background-size":"auto","background-attachment":"scroll","background-type":"","background-media":"","overlay-type":"","overlay-color":"","overlay-opacity":"","overlay-gradient":""}},"ast-content-background-meta":{"desktop":{"background-color":"var(--ast-global-color-5)","background-image":"","background-repeat":"repeat","background-position":"center center","background-size":"auto","background-attachment":"scroll","background-type":"","background-media":"","overlay-type":"","overlay-color":"","overlay-opacity":"","overlay-gradient":""},"tablet":{"background-color":"var(--ast-global-color-5)","background-image":"","background-repeat":"repeat","background-position":"center center","background-size":"auto","background-attachment":"scroll","background-type":"","background-media":"","overlay-type":"","overlay-color":"","overlay-opacity":"","overlay-gradient":""},"mobile":{"background-color":"var(--ast-global-color-5)","background-image":"","background-repeat":"repeat","background-position":"center center","background-size":"auto","background-attachment":"scroll","background-type":"","background-media":"","overlay-type":"","overlay-color":"","overlay-opacity":"","overlay-gradient":""}}},"product_brand":[],"product_cat":[48],"product_tag":[],"class_list":{"0":"post-1299","1":"product","2":"type-product","3":"status-publish","4":"has-post-thumbnail","6":"product_cat-ia-para-pmes","7":"desktop-align-left","8":"tablet-align-left","9":"mobile-align-left","11":"first","12":"instock","13":"taxable","14":"shipping-taxable","15":"purchasable","16":"product-type-simple"},"uagb_featured_image_src":{"full":["https:\/\/servicioswebmedia.com\/pt\/wp-content\/uploads\/assistentes-gpt-1.png",600,600,false],"thumbnail":["https:\/\/servicioswebmedia.com\/pt\/wp-content\/uploads\/assistentes-gpt-1-150x150.png",150,150,true],"medium":["https:\/\/servicioswebmedia.com\/pt\/wp-content\/uploads\/assistentes-gpt-1-300x300.png",300,300,true],"medium_large":["https:\/\/servicioswebmedia.com\/pt\/wp-content\/uploads\/assistentes-gpt-1.png",600,600,false],"large":["https:\/\/servicioswebmedia.com\/pt\/wp-content\/uploads\/assistentes-gpt-1.png",600,600,false],"1536x1536":["https:\/\/servicioswebmedia.com\/pt\/wp-content\/uploads\/assistentes-gpt-1.png",600,600,false],"2048x2048":["https:\/\/servicioswebmedia.com\/pt\/wp-content\/uploads\/assistentes-gpt-1.png",600,600,false],"gform-image-choice-sm":["https:\/\/servicioswebmedia.com\/pt\/wp-content\/uploads\/assistentes-gpt-1.png",300,300,false],"gform-image-choice-md":["https:\/\/servicioswebmedia.com\/pt\/wp-content\/uploads\/assistentes-gpt-1.png",400,400,false],"gform-image-choice-lg":["https:\/\/servicioswebmedia.com\/pt\/wp-content\/uploads\/assistentes-gpt-1.png",600,600,false],"woocommerce_thumbnail":["https:\/\/servicioswebmedia.com\/pt\/wp-content\/uploads\/assistentes-gpt-1-300x300.png",300,300,true],"woocommerce_single":["https:\/\/servicioswebmedia.com\/pt\/wp-content\/uploads\/assistentes-gpt-1.png",600,600,false],"woocommerce_gallery_thumbnail":["https:\/\/servicioswebmedia.com\/pt\/wp-content\/uploads\/assistentes-gpt-1-100x100.png",100,100,true]},"uagb_author_info":{"display_name":"SWM PT","author_link":"https:\/\/servicioswebmedia.com\/pt\/author\/"},"uagb_comment_info":0,"uagb_excerpt":"Assistentes GPT Com a configura\u00e7\u00e3o de assistentes baseados em Intelig\u00eancia Artificial (IA) da tecnologia GPT, sua empresa ter\u00e1 acesso a uma ferramenta poderosa que pode: Automatizar tarefas repetitivas, como o atendimento ao cliente, agendamento de reuni\u00f5es, respostas a perguntas frequentes e envio de informa\u00e7\u00f5es. Melhorar o atendimento ao cliente, fornecendo respostas r\u00e1pidas e precisas, garantindo&hellip;","_links":{"self":[{"href":"https:\/\/servicioswebmedia.com\/pt\/wp-json\/wp\/v2\/product\/1299","targetHints":{"allow":["GET"]}}],"collection":[{"href":"https:\/\/servicioswebmedia.com\/pt\/wp-json\/wp\/v2\/product"}],"about":[{"href":"https:\/\/servicioswebmedia.com\/pt\/wp-json\/wp\/v2\/types\/product"}],"wp:featuredmedia":[{"embeddable":true,"href":"https:\/\/servicioswebmedia.com\/pt\/wp-json\/wp\/v2\/media\/1610"}],"wp:attachment":[{"href":"https:\/\/servicioswebmedia.com\/pt\/wp-json\/wp\/v2\/media?parent=1299"}],"wp:term":[{"taxonomy":"product_brand","embeddable":true,"href":"https:\/\/servicioswebmedia.com\/pt\/wp-json\/wp\/v2\/product_brand?post=1299"},{"taxonomy":"product_cat","embeddable":true,"href":"https:\/\/servicioswebmedia.com\/pt\/wp-json\/wp\/v2\/product_cat?post=1299"},{"taxonomy":"product_tag","embeddable":true,"href":"https:\/\/servicioswebmedia.com\/pt\/wp-json\/wp\/v2\/product_tag?post=1299"}],"curies":[{"name":"wp","href":"https:\/\/api.w.org\/{rel}","templated":true}]}}