{"id":1295,"date":"2024-10-30T21:01:26","date_gmt":"2024-10-30T21:01:26","guid":{"rendered":"https:\/\/servicioswebmedia.com\/pt\/?post_type=product&#038;p=1295"},"modified":"2025-10-25T13:24:20","modified_gmt":"2025-10-25T13:24:20","slug":"plataforma-elearning","status":"publish","type":"product","link":"https:\/\/servicioswebmedia.com\/pt\/produto\/plataforma-elearning\/","title":{"rendered":"Plataforma eLearning"},"content":{"rendered":"<ul>\n<li><strong>Controlo Total nas Suas M\u00e3os<\/strong><br \/>\nD\u00ea asas \u00e0 sua criatividade com modelos de pre\u00e7os flex\u00edveis e designs personaliz\u00e1veis para os seus cursos.<\/li>\n<li><strong>A Excel\u00eancia ao Seu Alcance<\/strong><br \/>\nDesenvolvida pelos melhores especialistas em e-learning, a nossa plataforma LMS permite-lhe criar certificados, question\u00e1rios e tarefas que mant\u00eam os seus alunos cativados e motivados.<\/li>\n<li><strong>O Seu Conhecimento, o Seu Lucro<\/strong><br \/>\nMantenha os seus cursos e dados dos alunos seguros no seu pr\u00f3prio site. O melhor de tudo? Todo o rendimento vai direto para o seu bolso &#8211; n\u00e3o ficamos com nenhuma percentagem dos seus ganhos.<\/li>\n<\/ul>\n","protected":false},"excerpt":{"rendered":"<ul>\n<li>Centraliza\u00e7\u00e3o da Aprendizagem<\/li>\n<li>Personaliza\u00e7\u00e3o de conte\u00fado<\/li>\n<li>Gest\u00e3o de Utilizadores<\/li>\n<li>Cria\u00e7\u00e3o e Upload de Conte\u00fado<\/li>\n<li>Avalia\u00e7\u00f5es e acompanhamento dos progressos<\/li>\n<li>Flexibilidade e acessibilidade<\/li>\n<li>Ferramentas de comunica\u00e7\u00e3o<\/li>\n<li>Seguran\u00e7a dos Dados<\/li>\n<li>Automa\u00e7\u00e3o de Processos<\/li>\n<li>F\u00e1cil de gerenciar e atualizar<\/li>\n<\/ul>\n","protected":false},"featured_media":1613,"template":"","meta":{"_uag_custom_page_level_css":"","site-sidebar-layout":"default","site-content-layout":"","ast-site-content-layout":"default","site-content-style":"default","site-sidebar-style":"default","ast-global-header-display":"","ast-banner-title-visibility":"","ast-main-header-display":"","ast-hfb-above-header-display":"","ast-hfb-below-header-display":"","ast-hfb-mobile-header-display":"","site-post-title":"","ast-breadcrumbs-content":"","ast-featured-img":"","footer-sml-layout":"","ast-disable-related-posts":"","theme-transparent-header-meta":"default","adv-header-id-meta":"","stick-header-meta":"default","header-above-stick-meta":"","header-main-stick-meta":"","header-below-stick-meta":"","astra-migrate-meta-layouts":"set","ast-page-background-enabled":"default","ast-page-background-meta":{"desktop":{"background-color":"var(--ast-global-color-4)","background-image":"","background-repeat":"repeat","background-position":"center center","background-size":"auto","background-attachment":"scroll","background-type":"","background-media":"","overlay-type":"","overlay-color":"","overlay-opacity":"","overlay-gradient":""},"tablet":{"background-color":"","background-image":"","background-repeat":"repeat","background-position":"center center","background-size":"auto","background-attachment":"scroll","background-type":"","background-media":"","overlay-type":"","overlay-color":"","overlay-opacity":"","overlay-gradient":""},"mobile":{"background-color":"","background-image":"","background-repeat":"repeat","background-position":"center center","background-size":"auto","background-attachment":"scroll","background-type":"","background-media":"","overlay-type":"","overlay-color":"","overlay-opacity":"","overlay-gradient":""}},"ast-content-background-meta":{"desktop":{"background-color":"var(--ast-global-color-5)","background-image":"","background-repeat":"repeat","background-position":"center center","background-size":"auto","background-attachment":"scroll","background-type":"","background-media":"","overlay-type":"","overlay-color":"","overlay-opacity":"","overlay-gradient":""},"tablet":{"background-color":"var(--ast-global-color-5)","background-image":"","background-repeat":"repeat","background-position":"center center","background-size":"auto","background-attachment":"scroll","background-type":"","background-media":"","overlay-type":"","overlay-color":"","overlay-opacity":"","overlay-gradient":""},"mobile":{"background-color":"var(--ast-global-color-5)","background-image":"","background-repeat":"repeat","background-position":"center center","background-size":"auto","background-attachment":"scroll","background-type":"","background-media":"","overlay-type":"","overlay-color":"","overlay-opacity":"","overlay-gradient":""}}},"product_brand":[],"product_cat":[52],"product_tag":[],"class_list":{"0":"post-1295","1":"product","2":"type-product","3":"status-publish","4":"has-post-thumbnail","6":"product_cat-e-learning","7":"desktop-align-left","8":"tablet-align-left","9":"mobile-align-left","11":"first","12":"instock","13":"virtual","14":"taxable","15":"purchasable","16":"product-type-simple"},"uagb_featured_image_src":{"full":["https:\/\/servicioswebmedia.com\/pt\/wp-content\/uploads\/Plataforma-eLearning.png",600,600,false],"thumbnail":["https:\/\/servicioswebmedia.com\/pt\/wp-content\/uploads\/Plataforma-eLearning-150x150.png",150,150,true],"medium":["https:\/\/servicioswebmedia.com\/pt\/wp-content\/uploads\/Plataforma-eLearning-300x300.png",300,300,true],"medium_large":["https:\/\/servicioswebmedia.com\/pt\/wp-content\/uploads\/Plataforma-eLearning.png",600,600,false],"large":["https:\/\/servicioswebmedia.com\/pt\/wp-content\/uploads\/Plataforma-eLearning.png",600,600,false],"1536x1536":["https:\/\/servicioswebmedia.com\/pt\/wp-content\/uploads\/Plataforma-eLearning.png",600,600,false],"2048x2048":["https:\/\/servicioswebmedia.com\/pt\/wp-content\/uploads\/Plataforma-eLearning.png",600,600,false],"gform-image-choice-sm":["https:\/\/servicioswebmedia.com\/pt\/wp-content\/uploads\/Plataforma-eLearning.png",300,300,false],"gform-image-choice-md":["https:\/\/servicioswebmedia.com\/pt\/wp-content\/uploads\/Plataforma-eLearning.png",400,400,false],"gform-image-choice-lg":["https:\/\/servicioswebmedia.com\/pt\/wp-content\/uploads\/Plataforma-eLearning.png",600,600,false],"woocommerce_thumbnail":["https:\/\/servicioswebmedia.com\/pt\/wp-content\/uploads\/Plataforma-eLearning-300x300.png",300,300,true],"woocommerce_single":["https:\/\/servicioswebmedia.com\/pt\/wp-content\/uploads\/Plataforma-eLearning.png",600,600,false],"woocommerce_gallery_thumbnail":["https:\/\/servicioswebmedia.com\/pt\/wp-content\/uploads\/Plataforma-eLearning-100x100.png",100,100,true]},"uagb_author_info":{"display_name":"SWM PT","author_link":"https:\/\/servicioswebmedia.com\/pt\/author\/"},"uagb_comment_info":0,"uagb_excerpt":"Centraliza\u00e7\u00e3o da Aprendizagem Personaliza\u00e7\u00e3o de conte\u00fado Gest\u00e3o de Utilizadores Cria\u00e7\u00e3o e Upload de Conte\u00fado Avalia\u00e7\u00f5es e acompanhamento dos progressos Flexibilidade e acessibilidade Ferramentas de comunica\u00e7\u00e3o Seguran\u00e7a dos Dados Automa\u00e7\u00e3o de Processos F\u00e1cil de gerenciar e atualizar","_links":{"self":[{"href":"https:\/\/servicioswebmedia.com\/pt\/wp-json\/wp\/v2\/product\/1295","targetHints":{"allow":["GET"]}}],"collection":[{"href":"https:\/\/servicioswebmedia.com\/pt\/wp-json\/wp\/v2\/product"}],"about":[{"href":"https:\/\/servicioswebmedia.com\/pt\/wp-json\/wp\/v2\/types\/product"}],"wp:featuredmedia":[{"embeddable":true,"href":"https:\/\/servicioswebmedia.com\/pt\/wp-json\/wp\/v2\/media\/1613"}],"wp:attachment":[{"href":"https:\/\/servicioswebmedia.com\/pt\/wp-json\/wp\/v2\/media?parent=1295"}],"wp:term":[{"taxonomy":"product_brand","embeddable":true,"href":"https:\/\/servicioswebmedia.com\/pt\/wp-json\/wp\/v2\/product_brand?post=1295"},{"taxonomy":"product_cat","embeddable":true,"href":"https:\/\/servicioswebmedia.com\/pt\/wp-json\/wp\/v2\/product_cat?post=1295"},{"taxonomy":"product_tag","embeddable":true,"href":"https:\/\/servicioswebmedia.com\/pt\/wp-json\/wp\/v2\/product_tag?post=1295"}],"curies":[{"name":"wp","href":"https:\/\/api.w.org\/{rel}","templated":true}]}}