{"id":1280,"date":"2024-10-29T13:53:41","date_gmt":"2024-10-29T13:53:41","guid":{"rendered":"https:\/\/servicioswebmedia.com\/pt\/?post_type=product&#038;p=1280"},"modified":"2025-10-25T12:42:28","modified_gmt":"2025-10-25T12:42:28","slug":"agentes-gpt","status":"publish","type":"product","link":"https:\/\/servicioswebmedia.com\/pt\/produto\/agentes-gpt\/","title":{"rendered":"Agentes GPT"},"content":{"rendered":"<h3>Agentes GPT<\/h3>\n<ul>\n<li>Tamb\u00e9m conhecidos como agentes aut\u00f4nomos, os agentes GPT respondem a consultas, estados e eventos independentemente da consulta original feita pelo usu\u00e1rio, gerando as respostas at\u00e9 que respondam \u00e0 pergunta feita e satisfa\u00e7am a inten\u00e7\u00e3o de consulta do usu\u00e1rio.<\/li>\n<li>As informa\u00e7\u00f5es tratadas por este agente s\u00e3o fornecidas pelo utilizador para responder a perguntas frequentes. Pode ser entendido como uma base de conhecimento personalizada.<span style=\"font-weight: 400;\">\n<p>Transforme a maneira como sua empresa responde \u00e0s demandas do cliente com nossos Agentes Aut\u00f4nomos GPT Avan\u00e7ados. Essa poderosa ferramenta de intelig\u00eancia artificial fornece respostas autom\u00e1ticas personalizadas de forma eficaz e inovadora, mantendo sua empresa sempre \u00e0 frente da concorr\u00eancia.<br \/>\nInvista no nosso sistema aut\u00f4nomo GPT e reduza custos de opera\u00e7\u00e3o enquanto garante respostas r\u00e1pidas e precisas para perguntas frequentes. Com nossos agentes virtuais, ofere\u00e7a um servi\u00e7o de atendimento automatizado que impressiona e fideliza seus clientes, solidificando sua posi\u00e7\u00e3o de lideran\u00e7a no mercado.<\/span><\/p>\n<h4><span style=\"font-weight: 400;\">FAQs<\/span><\/h4>\n<p><strong>Q: Como posso ter certeza de que esta solu\u00e7\u00e3o \u00e9 eficaz?<\/strong><\/p>\n<p><span style=\"font-weight: 400;\">A: Comprovada em efici\u00eancia: usu\u00e1rios destacam r\u00e1pida automa\u00e7\u00e3o e precis\u00e3o.<\/span><\/p>\n<p><strong>Q: Este agente pode realmente substituir m\u00e3o de obra humana?<\/strong><\/p>\n<p><span style=\"font-weight: 400;\">A: Sim, automatiza tarefas manuais, economizando tempo e reduzindo custos.<\/span><\/p>\n<p><strong>Q: Qual \u00e9 a garantia de competitividade ao usar esta tecnologia?<\/strong><\/p>\n<p><span style=\"font-weight: 400;\">A: Intelig\u00eancia artificial avan\u00e7a sua posi\u00e7\u00e3o \u00e0 frente dos concorrentes.<\/span><\/p>\n<p><strong>Q: A base de conhecimento \u00e9 realmente atualizada e especializada?<\/strong><\/p>\n<p><span style=\"font-weight: 400;\">A: Sim, informa\u00e7\u00f5es fornecidas pelo usu\u00e1rio garantem relev\u00e2ncia e precis\u00e3o.<\/span><\/li>\n<\/ul>\n","protected":false},"excerpt":{"rendered":"<ul>\n<li>Agentes GPT de comunica\u00e7\u00e3o e marketing.<\/li>\n<li>Agentes GPT financeiros<\/li>\n<li>Responda a perguntas frequentes de seus usu\u00e1rios e funcion\u00e1rios.<\/li>\n<li>A sua base de conhecimento personalizada.<\/li>\n<li>Crie Bots de Chat Org\u00e2nicos.<\/li>\n<\/ul>\n<h4><span style=\"font-weight: 400;\">N\u00e3o perca tempo, lidere com agentes inteligentes agora.<br \/>\n<\/span><\/h4>\n<p><span style=\"font-weight: 400;\">&#8211; Poupe tempo automatizando tarefas e foque no que importa.<\/span><br \/>\n<span style=\"font-weight: 400;\">&#8211; Garanta uma vantagem competitiva com intelig\u00eancia artificial personalizada.<\/span><br \/>\n<span style=\"font-weight: 400;\">&#8211; Reduza custos substituindo tarefas manuais por automa\u00e7\u00e3o eficaz.<\/span><br \/>\n<span style=\"font-weight: 400;\">&#8211; Reforce decis\u00f5es com uma base de conhecimento precisa e atualizada.<\/span><\/p>\n<h3><\/h3>\n","protected":false},"featured_media":1607,"template":"","meta":{"_uag_custom_page_level_css":"","site-sidebar-layout":"default","site-content-layout":"","ast-site-content-layout":"default","site-content-style":"default","site-sidebar-style":"default","ast-global-header-display":"","ast-banner-title-visibility":"","ast-main-header-display":"","ast-hfb-above-header-display":"","ast-hfb-below-header-display":"","ast-hfb-mobile-header-display":"","site-post-title":"","ast-breadcrumbs-content":"","ast-featured-img":"","footer-sml-layout":"","ast-disable-related-posts":"","theme-transparent-header-meta":"default","adv-header-id-meta":"","stick-header-meta":"default","header-above-stick-meta":"","header-main-stick-meta":"","header-below-stick-meta":"","astra-migrate-meta-layouts":"set","ast-page-background-enabled":"default","ast-page-background-meta":{"desktop":{"background-color":"var(--ast-global-color-4)","background-image":"","background-repeat":"repeat","background-position":"center center","background-size":"auto","background-attachment":"scroll","background-type":"","background-media":"","overlay-type":"","overlay-color":"","overlay-opacity":"","overlay-gradient":""},"tablet":{"background-color":"","background-image":"","background-repeat":"repeat","background-position":"center center","background-size":"auto","background-attachment":"scroll","background-type":"","background-media":"","overlay-type":"","overlay-color":"","overlay-opacity":"","overlay-gradient":""},"mobile":{"background-color":"","background-image":"","background-repeat":"repeat","background-position":"center center","background-size":"auto","background-attachment":"scroll","background-type":"","background-media":"","overlay-type":"","overlay-color":"","overlay-opacity":"","overlay-gradient":""}},"ast-content-background-meta":{"desktop":{"background-color":"var(--ast-global-color-5)","background-image":"","background-repeat":"repeat","background-position":"center center","background-size":"auto","background-attachment":"scroll","background-type":"","background-media":"","overlay-type":"","overlay-color":"","overlay-opacity":"","overlay-gradient":""},"tablet":{"background-color":"var(--ast-global-color-5)","background-image":"","background-repeat":"repeat","background-position":"center center","background-size":"auto","background-attachment":"scroll","background-type":"","background-media":"","overlay-type":"","overlay-color":"","overlay-opacity":"","overlay-gradient":""},"mobile":{"background-color":"var(--ast-global-color-5)","background-image":"","background-repeat":"repeat","background-position":"center center","background-size":"auto","background-attachment":"scroll","background-type":"","background-media":"","overlay-type":"","overlay-color":"","overlay-opacity":"","overlay-gradient":""}}},"product_brand":[],"product_cat":[48,60],"product_tag":[88,61],"class_list":{"0":"post-1280","1":"product","2":"type-product","3":"status-publish","4":"has-post-thumbnail","6":"product_cat-ia-para-pmes","7":"product_cat-inteligencia-artificial","8":"product_tag-agentes-gpt","9":"product_tag-ia-para-pmes","10":"desktop-align-left","11":"tablet-align-left","12":"mobile-align-left","14":"first","15":"instock","16":"virtual","17":"taxable","18":"purchasable","19":"product-type-simple"},"uagb_featured_image_src":{"full":["https:\/\/servicioswebmedia.com\/pt\/wp-content\/uploads\/agentes-ia.png",600,600,false],"thumbnail":["https:\/\/servicioswebmedia.com\/pt\/wp-content\/uploads\/agentes-ia-150x150.png",150,150,true],"medium":["https:\/\/servicioswebmedia.com\/pt\/wp-content\/uploads\/agentes-ia-300x300.png",300,300,true],"medium_large":["https:\/\/servicioswebmedia.com\/pt\/wp-content\/uploads\/agentes-ia.png",600,600,false],"large":["https:\/\/servicioswebmedia.com\/pt\/wp-content\/uploads\/agentes-ia.png",600,600,false],"1536x1536":["https:\/\/servicioswebmedia.com\/pt\/wp-content\/uploads\/agentes-ia.png",600,600,false],"2048x2048":["https:\/\/servicioswebmedia.com\/pt\/wp-content\/uploads\/agentes-ia.png",600,600,false],"gform-image-choice-sm":["https:\/\/servicioswebmedia.com\/pt\/wp-content\/uploads\/agentes-ia.png",300,300,false],"gform-image-choice-md":["https:\/\/servicioswebmedia.com\/pt\/wp-content\/uploads\/agentes-ia.png",400,400,false],"gform-image-choice-lg":["https:\/\/servicioswebmedia.com\/pt\/wp-content\/uploads\/agentes-ia.png",600,600,false],"woocommerce_thumbnail":["https:\/\/servicioswebmedia.com\/pt\/wp-content\/uploads\/agentes-ia-300x300.png",300,300,true],"woocommerce_single":["https:\/\/servicioswebmedia.com\/pt\/wp-content\/uploads\/agentes-ia.png",600,600,false],"woocommerce_gallery_thumbnail":["https:\/\/servicioswebmedia.com\/pt\/wp-content\/uploads\/agentes-ia-100x100.png",100,100,true]},"uagb_author_info":{"display_name":"SWM PT","author_link":"https:\/\/servicioswebmedia.com\/pt\/author\/"},"uagb_comment_info":0,"uagb_excerpt":"Agentes GPT de comunica\u00e7\u00e3o e marketing. Agentes GPT financeiros Responda a perguntas frequentes de seus usu\u00e1rios e funcion\u00e1rios. A sua base de conhecimento personalizada. Crie Bots de Chat Org\u00e2nicos. N\u00e3o perca tempo, lidere com agentes inteligentes agora. - Poupe tempo automatizando tarefas e foque no que importa. - Garanta uma vantagem competitiva com intelig\u00eancia artificial&hellip;","_links":{"self":[{"href":"https:\/\/servicioswebmedia.com\/pt\/wp-json\/wp\/v2\/product\/1280","targetHints":{"allow":["GET"]}}],"collection":[{"href":"https:\/\/servicioswebmedia.com\/pt\/wp-json\/wp\/v2\/product"}],"about":[{"href":"https:\/\/servicioswebmedia.com\/pt\/wp-json\/wp\/v2\/types\/product"}],"wp:featuredmedia":[{"embeddable":true,"href":"https:\/\/servicioswebmedia.com\/pt\/wp-json\/wp\/v2\/media\/1607"}],"wp:attachment":[{"href":"https:\/\/servicioswebmedia.com\/pt\/wp-json\/wp\/v2\/media?parent=1280"}],"wp:term":[{"taxonomy":"product_brand","embeddable":true,"href":"https:\/\/servicioswebmedia.com\/pt\/wp-json\/wp\/v2\/product_brand?post=1280"},{"taxonomy":"product_cat","embeddable":true,"href":"https:\/\/servicioswebmedia.com\/pt\/wp-json\/wp\/v2\/product_cat?post=1280"},{"taxonomy":"product_tag","embeddable":true,"href":"https:\/\/servicioswebmedia.com\/pt\/wp-json\/wp\/v2\/product_tag?post=1280"}],"curies":[{"name":"wp","href":"https:\/\/api.w.org\/{rel}","templated":true}]}}