{"id":1208,"date":"2024-10-28T10:45:27","date_gmt":"2024-10-28T10:45:27","guid":{"rendered":"https:\/\/servicioswebmedia.com\/pt\/?post_type=product&#038;p=1208"},"modified":"2025-10-25T13:12:12","modified_gmt":"2025-10-25T13:12:12","slug":"analise-da-web","status":"publish","type":"product","link":"https:\/\/servicioswebmedia.com\/pt\/produto\/analise-da-web\/","title":{"rendered":"An\u00e1lise da Web"},"content":{"rendered":"<h3>An\u00e1lise da Web<\/h3>\n<ul>\n<li>Torne-se vis\u00edvel para o Google<\/li>\n<li>Pontos fracos e margem para melhorias<\/li>\n<li>Estrutura adequada Experi\u00eancia do usu\u00e1rio em diferentes dispositivos<\/li>\n<li>Visibilidade do motor de busca<\/li>\n<li>An\u00e1lise T\u00e9cnica Web<\/li>\n<\/ul>\n<p>Cada website deve ter uma estrutura adequada, desde a escolha de um nome de dom\u00ednio adequado at\u00e9 \u00e0 forma como est\u00e1 estruturado em termos de design e conte\u00fado | O seu ponto de partida para um website robusto e consistente.<\/p>\n<p>POSICIONAMENTO PERMANENTE | MELHORE OS PILARES DO SEU WEBSITE.<\/p>\n<div class=\" mt-6 p-4\">\n<p class=\"text-gray-300\">Destacar-se em um mercado competitivo nunca foi t\u00e3o crucial como agora. Nossa An\u00e1lise da Web \u00e9 a chave para garantir que seu neg\u00f3cio n\u00e3o apenas acompanhe, mas tamb\u00e9m supere a concorr\u00eancia.<\/p>\n<p class=\"text-gray-300\">Com uma Estrutura Adequada e otimiza\u00e7\u00e3o para Experi\u00eancia do Usu\u00e1rio em Diferentes Dispositivos, seu site se tornar\u00e1 irresist\u00edvel aos motores de busca. Identificamos Pontos Fracos e oferecemos Margens para Melhorias, potencializando sua Visibilidade no Google. N\u00e3o fique para tr\u00e1s; invista em uma An\u00e1lise T\u00e9cnica Web e assegure sua posi\u00e7\u00e3o de lideran\u00e7a online!<\/p>\n<\/div>\n<div class=\"mt-4 p-4\">\n<h3 class=\"text-lg font-semibold text-gray-200\">Preguntas frecuentes<\/h3>\n<div class=\"grid md:grid-cols-2 gap-2\">\n<div class=\"rounded-md bg-gray-800 p-2\">\n<p class=\"text-sm font-semibold text-white\"><strong>Meu site j\u00e1 tem pouca visibilidade, como isso pode ajudar?<\/strong><\/p>\n<p class=\"mt-2 text-gray-300\">SEO eficaz aumenta sua visibilidade, superando seus concorrentes online rapidamente.<\/p>\n<\/div>\n<div class=\"rounded-md bg-gray-800 p-2\">\n<p class=\"text-sm font-semibold text-white\"><strong>Ser\u00e1 que realmente vale a pena o investimento?<\/strong><\/p>\n<p class=\"mt-2 text-gray-300\">Economize investindo em solu\u00e7\u00f5es web eficazes e sustent\u00e1veis.<\/p>\n<\/div>\n<div class=\"rounded-md bg-gray-800 p-2\">\n<p class=\"text-sm font-semibold text-white\"><strong>Funcionar\u00e1 em todos os dispositivos dispon\u00edveis?<\/strong><\/p>\n<p class=\"mt-2 text-gray-300\">Sim, oferecemos experi\u00eancia multicanal perfeita em diferentes dispositivos.<\/p>\n<\/div>\n<div class=\"rounded-md bg-gray-800 p-2\">\n<p class=\"text-sm font-semibold text-white\"><strong>\u00c9 realmente necess\u00e1rio melhorar agora? N\u00e3o posso esperar?<\/strong><\/p>\n<p class=\"mt-2 text-gray-300\">Antecipe-se, corrigindo fraquezas antes que concorrentes aproveitem.<\/p>\n<\/div>\n<\/div>\n<\/div>\n","protected":false},"excerpt":{"rendered":"<h3>An\u00e1lise da Web abrangente<\/h3>\n<ul>\n<li>Efici\u00eancia<\/li>\n<li>Usabilidade<\/li>\n<li>SEO b\u00e1sico<\/li>\n<li>Conte\u00fado<\/li>\n<li>Aspetos T\u00e9cnicos<\/li>\n<li>Acessibilidade<\/li>\n<\/ul>\n<h4>N\u00e3o perca clientes para concorrentes, conquiste visibilidade online rapidamente!<\/h4>\n<ul class=\"list-disc space-y-2 pl-5 text-gray-300\">\n<li>Voc\u00ea se destacar\u00e1 nas pesquisas, superando seus concorrentes.<\/li>\n<li>Identifique e corrija pontos fracos antes que concorrentes fa\u00e7am.<\/li>\n<li>Proporcione aos usu\u00e1rios experi\u00eancias perfeitas em todos os dispositivos.<\/li>\n<li>Voc\u00ea economiza investindo em solu\u00e7\u00f5es eficazes e sustent\u00e1veis para a web.<\/li>\n<\/ul>\n","protected":false},"featured_media":1611,"template":"","meta":{"_uag_custom_page_level_css":"","site-sidebar-layout":"default","site-content-layout":"","ast-site-content-layout":"default","site-content-style":"default","site-sidebar-style":"default","ast-global-header-display":"","ast-banner-title-visibility":"","ast-main-header-display":"","ast-hfb-above-header-display":"","ast-hfb-below-header-display":"","ast-hfb-mobile-header-display":"","site-post-title":"","ast-breadcrumbs-content":"","ast-featured-img":"","footer-sml-layout":"","ast-disable-related-posts":"","theme-transparent-header-meta":"default","adv-header-id-meta":"","stick-header-meta":"default","header-above-stick-meta":"","header-main-stick-meta":"","header-below-stick-meta":"","astra-migrate-meta-layouts":"set","ast-page-background-enabled":"default","ast-page-background-meta":{"desktop":{"background-color":"var(--ast-global-color-4)","background-image":"","background-repeat":"repeat","background-position":"center center","background-size":"auto","background-attachment":"scroll","background-type":"","background-media":"","overlay-type":"","overlay-color":"","overlay-opacity":"","overlay-gradient":""},"tablet":{"background-color":"","background-image":"","background-repeat":"repeat","background-position":"center center","background-size":"auto","background-attachment":"scroll","background-type":"","background-media":"","overlay-type":"","overlay-color":"","overlay-opacity":"","overlay-gradient":""},"mobile":{"background-color":"","background-image":"","background-repeat":"repeat","background-position":"center center","background-size":"auto","background-attachment":"scroll","background-type":"","background-media":"","overlay-type":"","overlay-color":"","overlay-opacity":"","overlay-gradient":""}},"ast-content-background-meta":{"desktop":{"background-color":"var(--ast-global-color-5)","background-image":"","background-repeat":"repeat","background-position":"center center","background-size":"auto","background-attachment":"scroll","background-type":"","background-media":"","overlay-type":"","overlay-color":"","overlay-opacity":"","overlay-gradient":""},"tablet":{"background-color":"var(--ast-global-color-5)","background-image":"","background-repeat":"repeat","background-position":"center center","background-size":"auto","background-attachment":"scroll","background-type":"","background-media":"","overlay-type":"","overlay-color":"","overlay-opacity":"","overlay-gradient":""},"mobile":{"background-color":"var(--ast-global-color-5)","background-image":"","background-repeat":"repeat","background-position":"center center","background-size":"auto","background-attachment":"scroll","background-type":"","background-media":"","overlay-type":"","overlay-color":"","overlay-opacity":"","overlay-gradient":""}}},"product_brand":[],"product_cat":[57],"product_tag":[45,46],"class_list":{"0":"post-1208","1":"product","2":"type-product","3":"status-publish","4":"has-post-thumbnail","6":"product_cat-posicionamento-seo","7":"product_tag-analisis-de-seo","8":"product_tag-analisis-web","9":"desktop-align-left","10":"tablet-align-left","11":"mobile-align-left","13":"first","14":"instock","15":"virtual","16":"taxable","17":"purchasable","18":"product-type-simple"},"uagb_featured_image_src":{"full":["https:\/\/servicioswebmedia.com\/pt\/wp-content\/uploads\/Analise-da-Web-1.png",600,600,false],"thumbnail":["https:\/\/servicioswebmedia.com\/pt\/wp-content\/uploads\/Analise-da-Web-1-150x150.png",150,150,true],"medium":["https:\/\/servicioswebmedia.com\/pt\/wp-content\/uploads\/Analise-da-Web-1-300x300.png",300,300,true],"medium_large":["https:\/\/servicioswebmedia.com\/pt\/wp-content\/uploads\/Analise-da-Web-1.png",600,600,false],"large":["https:\/\/servicioswebmedia.com\/pt\/wp-content\/uploads\/Analise-da-Web-1.png",600,600,false],"1536x1536":["https:\/\/servicioswebmedia.com\/pt\/wp-content\/uploads\/Analise-da-Web-1.png",600,600,false],"2048x2048":["https:\/\/servicioswebmedia.com\/pt\/wp-content\/uploads\/Analise-da-Web-1.png",600,600,false],"gform-image-choice-sm":["https:\/\/servicioswebmedia.com\/pt\/wp-content\/uploads\/Analise-da-Web-1.png",300,300,false],"gform-image-choice-md":["https:\/\/servicioswebmedia.com\/pt\/wp-content\/uploads\/Analise-da-Web-1.png",400,400,false],"gform-image-choice-lg":["https:\/\/servicioswebmedia.com\/pt\/wp-content\/uploads\/Analise-da-Web-1.png",600,600,false],"woocommerce_thumbnail":["https:\/\/servicioswebmedia.com\/pt\/wp-content\/uploads\/Analise-da-Web-1-300x300.png",300,300,true],"woocommerce_single":["https:\/\/servicioswebmedia.com\/pt\/wp-content\/uploads\/Analise-da-Web-1.png",600,600,false],"woocommerce_gallery_thumbnail":["https:\/\/servicioswebmedia.com\/pt\/wp-content\/uploads\/Analise-da-Web-1-100x100.png",100,100,true]},"uagb_author_info":{"display_name":"SWM PT","author_link":"https:\/\/servicioswebmedia.com\/pt\/author\/"},"uagb_comment_info":0,"uagb_excerpt":"An\u00e1lise da Web abrangente Efici\u00eancia Usabilidade SEO b\u00e1sico Conte\u00fado Aspetos T\u00e9cnicos Acessibilidade N\u00e3o perca clientes para concorrentes, conquiste visibilidade online rapidamente! Voc\u00ea se destacar\u00e1 nas pesquisas, superando seus concorrentes. Identifique e corrija pontos fracos antes que concorrentes fa\u00e7am. Proporcione aos usu\u00e1rios experi\u00eancias perfeitas em todos os dispositivos. Voc\u00ea economiza investindo em solu\u00e7\u00f5es eficazes e sustent\u00e1veis&hellip;","_links":{"self":[{"href":"https:\/\/servicioswebmedia.com\/pt\/wp-json\/wp\/v2\/product\/1208","targetHints":{"allow":["GET"]}}],"collection":[{"href":"https:\/\/servicioswebmedia.com\/pt\/wp-json\/wp\/v2\/product"}],"about":[{"href":"https:\/\/servicioswebmedia.com\/pt\/wp-json\/wp\/v2\/types\/product"}],"wp:featuredmedia":[{"embeddable":true,"href":"https:\/\/servicioswebmedia.com\/pt\/wp-json\/wp\/v2\/media\/1611"}],"wp:attachment":[{"href":"https:\/\/servicioswebmedia.com\/pt\/wp-json\/wp\/v2\/media?parent=1208"}],"wp:term":[{"taxonomy":"product_brand","embeddable":true,"href":"https:\/\/servicioswebmedia.com\/pt\/wp-json\/wp\/v2\/product_brand?post=1208"},{"taxonomy":"product_cat","embeddable":true,"href":"https:\/\/servicioswebmedia.com\/pt\/wp-json\/wp\/v2\/product_cat?post=1208"},{"taxonomy":"product_tag","embeddable":true,"href":"https:\/\/servicioswebmedia.com\/pt\/wp-json\/wp\/v2\/product_tag?post=1208"}],"curies":[{"name":"wp","href":"https:\/\/api.w.org\/{rel}","templated":true}]}}