{"id":1206,"date":"2024-10-28T10:45:26","date_gmt":"2024-10-28T10:45:26","guid":{"rendered":"https:\/\/servicioswebmedia.com\/pt\/?post_type=product&#038;p=1206"},"modified":"2025-10-25T14:12:23","modified_gmt":"2025-10-25T14:12:23","slug":"web-design-wordpress-astra","status":"publish","type":"product","link":"https:\/\/servicioswebmedia.com\/pt\/produto\/web-design-wordpress-astra\/","title":{"rendered":"Web Design WordPress Astra"},"content":{"rendered":"<h3>Web Design WordPress Astra WP Theme Package<\/h3>\n<ul>\n<li>Crie um site ou loja online de f\u00e1cil gest\u00e3o.<\/li>\n<li>Gerencie seu web design WordPress da maneira mais f\u00e1cil.<\/li>\n<li>O mais leve e personaliz\u00e1vel!<\/li>\n<li>Adaptabilidade a dispositivos m\u00f3veis<\/li>\n<li>Traduz\u00edvel para outras l\u00ednguas.<\/li>\n<li>Optimiz\u00e1vel para otimiza\u00e7\u00e3o de motores de busca.<\/li>\n<li>N\u00e3o h\u00e1 necessidade de atualiza\u00e7\u00f5es complicadas.<\/li>\n<li>Seguro contra ciberataques.<\/li>\n<\/ul>\n<p><iframe loading=\"lazy\" title=\"YouTube video player\" src=\"https:\/\/www.youtube.com\/embed\/uBNUpyCM8G8?si=nZF1rC930IooxNvK&amp;controls=0\" width=\"560\" height=\"315\" frameborder=\"0\" allowfullscreen=\"allowfullscreen\"><\/iframe><\/p>\n<p><strong>*A instala\u00e7\u00e3o e o ajuste incluem conte\u00fado DEMO. <\/strong><\/p>\n<ul>\n<li>Obtenha mais tr\u00e1fego para o seu site, tornando-o naveg\u00e1vel para dispositivos m\u00f3veis!<\/li>\n<li>Melhore as classifica\u00e7\u00f5es do seu motor de busca com um site de carregamento r\u00e1pido<\/li>\n<li>Proteja o seu investimento e os seus clientes de ataques maliciosos.<\/li>\n<li>Fa\u00e7a a gest\u00e3o da sua loja online da forma mais f\u00e1cil<\/li>\n<li>Atualiza\u00e7\u00f5es simples com um \u00fanico clique!!<\/li>\n<\/ul>\n<p>Nunca mais se preocupe com o seu site ficar para tr\u00e1s! Com o Web Design WordPress Astra WP Theme Package, voc\u00ea ter\u00e1 um design impec\u00e1vel e otimiza\u00e7\u00e3o superior que garantem que seu site ou loja online se destaque em design e velocidade. Este design leve e personaliz\u00e1vel \u00e9 a solu\u00e7\u00e3o ideal para gerenciar seu WordPress facilmente, e adapta-se perfeitamente a dispositivos m\u00f3veis. Ele \u00e9 traduz\u00edvel para v\u00e1rias l\u00ednguas, otimizado para SEO e oferece seguran\u00e7a robusta contra ciberataques.<\/p>\n<h3 class=\"text-lg font-semibold text-gray-200\">Perguntas frequentes<\/h3>\n<div class=\"grid md:grid-cols-2 gap-2\">\n<div class=\"rounded-md bg-gray-800 p-2\">\n<p class=\"text-sm font-semibold text-white\"><strong>O que garante que meu site n\u00e3o ficar\u00e1 desatualizado?<\/strong><\/p>\n<p class=\"mt-2 text-gray-300\">Nosso tema \u00e9 otimizado, dispensando atualiza\u00e7\u00f5es complicadas.<\/p>\n<\/div>\n<div class=\"rounded-md bg-gray-800 p-2\">\n<p class=\"text-sm font-semibold text-white\"><strong>Como posso ter certeza de que meu site ser\u00e1 seguro?<\/strong><\/p>\n<p class=\"mt-2 text-gray-300\">Nosso pacote inclui certificado SSL, protegendo contra ciberataques.<\/p>\n<\/div>\n<div class=\"rounded-md bg-gray-800 p-2\">\n<p class=\"text-sm font-semibold text-white\"><strong>O site realmente funciona bem em celulares?<\/strong><\/p>\n<p class=\"mt-2 text-gray-300\">Nosso design adapta-se perfeitamente a todos os dispositivos m\u00f3veis.<\/p>\n<\/div>\n<div class=\"rounded-md bg-gray-800 p-2\">\n<p class=\"text-sm font-semibold text-white\"><strong>E se eu precisar atingir um mercado internacional?<\/strong><\/p>\n<p class=\"mt-2 text-gray-300\">Nossa solu\u00e7\u00e3o permite f\u00e1cil tradu\u00e7\u00e3o para v\u00e1rias l\u00ednguas.<\/p>\n<\/div>\n<\/div>\n<p>&nbsp;<\/p>\n","protected":false},"excerpt":{"rendered":"<h4>Web Design WordPress ASTRA (empresa\/loja online)<\/h4>\n<ul>\n<li>O framework de web design Wordpress mais leve e personaliz\u00e1vel<\/li>\n<li>Atualiza\u00e7\u00f5es e manuten\u00e7\u00e3o com um clique!<\/li>\n<li>Seguro contra ciberataques (inclui certificado de criptografia SSL)<\/li>\n<li><strong>1 Ano GR\u00c1TIS Dom\u00ednio (.com,.pt) e 1 Ano Siteground Hosting Inclu\u00eddo.<\/strong><\/li>\n<li><strong>B\u00d4NUS! SEO natural preliminar GRATUITO (Valor \u20ac100)!<\/strong><\/li>\n<\/ul>\n<h4><span style=\"font-weight: 400;\">N\u00e3o fique para tr\u00e1s, crie seu site de gest\u00e3o f\u00e1cil!<\/span><\/h4>\n<ul class=\"list-disc space-y-2 pl-5 text-gray-300\">\n<li>Voc\u00ea gerencia seu site com facilidade e efici\u00eancia incompar\u00e1veis.<\/li>\n<li>Seu site ser\u00e1 \u00e1gil, super r\u00e1pido e incompar\u00e1vel em desempenho.<\/li>\n<li>Traduza seu site para v\u00e1rias l\u00ednguas e acesse novos mercados.<\/li>\n<li>Seu site estar\u00e1 seguro com SSL, reduzindo riscos de ciberataques.<\/li>\n<\/ul>\n","protected":false},"featured_media":1617,"template":"","meta":{"_uag_custom_page_level_css":"","site-sidebar-layout":"default","site-content-layout":"","ast-site-content-layout":"default","site-content-style":"default","site-sidebar-style":"default","ast-global-header-display":"","ast-banner-title-visibility":"","ast-main-header-display":"","ast-hfb-above-header-display":"","ast-hfb-below-header-display":"","ast-hfb-mobile-header-display":"","site-post-title":"","ast-breadcrumbs-content":"","ast-featured-img":"","footer-sml-layout":"","ast-disable-related-posts":"","theme-transparent-header-meta":"default","adv-header-id-meta":"","stick-header-meta":"default","header-above-stick-meta":"","header-main-stick-meta":"","header-below-stick-meta":"","astra-migrate-meta-layouts":"set","ast-page-background-enabled":"default","ast-page-background-meta":{"desktop":{"background-color":"var(--ast-global-color-4)","background-image":"","background-repeat":"repeat","background-position":"center center","background-size":"auto","background-attachment":"scroll","background-type":"","background-media":"","overlay-type":"","overlay-color":"","overlay-opacity":"","overlay-gradient":""},"tablet":{"background-color":"","background-image":"","background-repeat":"repeat","background-position":"center center","background-size":"auto","background-attachment":"scroll","background-type":"","background-media":"","overlay-type":"","overlay-color":"","overlay-opacity":"","overlay-gradient":""},"mobile":{"background-color":"","background-image":"","background-repeat":"repeat","background-position":"center center","background-size":"auto","background-attachment":"scroll","background-type":"","background-media":"","overlay-type":"","overlay-color":"","overlay-opacity":"","overlay-gradient":""}},"ast-content-background-meta":{"desktop":{"background-color":"var(--ast-global-color-5)","background-image":"","background-repeat":"repeat","background-position":"center center","background-size":"auto","background-attachment":"scroll","background-type":"","background-media":"","overlay-type":"","overlay-color":"","overlay-opacity":"","overlay-gradient":""},"tablet":{"background-color":"var(--ast-global-color-5)","background-image":"","background-repeat":"repeat","background-position":"center center","background-size":"auto","background-attachment":"scroll","background-type":"","background-media":"","overlay-type":"","overlay-color":"","overlay-opacity":"","overlay-gradient":""},"mobile":{"background-color":"var(--ast-global-color-5)","background-image":"","background-repeat":"repeat","background-position":"center center","background-size":"auto","background-attachment":"scroll","background-type":"","background-media":"","overlay-type":"","overlay-color":"","overlay-opacity":"","overlay-gradient":""}}},"product_brand":[],"product_cat":[50],"product_tag":[40,41,42],"class_list":{"0":"post-1206","1":"product","2":"type-product","3":"status-publish","4":"has-post-thumbnail","6":"product_cat-web-design","7":"product_tag-astra","8":"product_tag-plantilla-astra","9":"product_tag-tema-astra","10":"desktop-align-left","11":"tablet-align-left","12":"mobile-align-left","14":"first","15":"instock","16":"virtual","17":"taxable","18":"purchasable","19":"product-type-simple"},"uagb_featured_image_src":{"full":["https:\/\/servicioswebmedia.com\/pt\/wp-content\/uploads\/Web-Design-Wordpress-Astra.png",1024,1024,false],"thumbnail":["https:\/\/servicioswebmedia.com\/pt\/wp-content\/uploads\/Web-Design-Wordpress-Astra-150x150.png",150,150,true],"medium":["https:\/\/servicioswebmedia.com\/pt\/wp-content\/uploads\/Web-Design-Wordpress-Astra-300x300.png",300,300,true],"medium_large":["https:\/\/servicioswebmedia.com\/pt\/wp-content\/uploads\/Web-Design-Wordpress-Astra-768x768.png",768,768,true],"large":["https:\/\/servicioswebmedia.com\/pt\/wp-content\/uploads\/Web-Design-Wordpress-Astra.png",1024,1024,false],"1536x1536":["https:\/\/servicioswebmedia.com\/pt\/wp-content\/uploads\/Web-Design-Wordpress-Astra.png",1024,1024,false],"2048x2048":["https:\/\/servicioswebmedia.com\/pt\/wp-content\/uploads\/Web-Design-Wordpress-Astra.png",1024,1024,false],"gform-image-choice-sm":["https:\/\/servicioswebmedia.com\/pt\/wp-content\/uploads\/Web-Design-Wordpress-Astra.png",300,300,false],"gform-image-choice-md":["https:\/\/servicioswebmedia.com\/pt\/wp-content\/uploads\/Web-Design-Wordpress-Astra.png",400,400,false],"gform-image-choice-lg":["https:\/\/servicioswebmedia.com\/pt\/wp-content\/uploads\/Web-Design-Wordpress-Astra.png",600,600,false],"woocommerce_thumbnail":["https:\/\/servicioswebmedia.com\/pt\/wp-content\/uploads\/Web-Design-Wordpress-Astra-300x300.png",300,300,true],"woocommerce_single":["https:\/\/servicioswebmedia.com\/pt\/wp-content\/uploads\/Web-Design-Wordpress-Astra-600x600.png",600,600,true],"woocommerce_gallery_thumbnail":["https:\/\/servicioswebmedia.com\/pt\/wp-content\/uploads\/Web-Design-Wordpress-Astra-100x100.png",100,100,true]},"uagb_author_info":{"display_name":"SWM PT","author_link":"https:\/\/servicioswebmedia.com\/pt\/author\/"},"uagb_comment_info":0,"uagb_excerpt":"Web Design WordPress ASTRA (empresa\/loja online) O framework de web design Wordpress mais leve e personaliz\u00e1vel Atualiza\u00e7\u00f5es e manuten\u00e7\u00e3o com um clique! Seguro contra ciberataques (inclui certificado de criptografia SSL) 1 Ano GR\u00c1TIS Dom\u00ednio (.com,.pt) e 1 Ano Siteground Hosting Inclu\u00eddo. B\u00d4NUS! SEO natural preliminar GRATUITO (Valor \u20ac100)! N\u00e3o fique para tr\u00e1s, crie seu site&hellip;","_links":{"self":[{"href":"https:\/\/servicioswebmedia.com\/pt\/wp-json\/wp\/v2\/product\/1206","targetHints":{"allow":["GET"]}}],"collection":[{"href":"https:\/\/servicioswebmedia.com\/pt\/wp-json\/wp\/v2\/product"}],"about":[{"href":"https:\/\/servicioswebmedia.com\/pt\/wp-json\/wp\/v2\/types\/product"}],"wp:featuredmedia":[{"embeddable":true,"href":"https:\/\/servicioswebmedia.com\/pt\/wp-json\/wp\/v2\/media\/1617"}],"wp:attachment":[{"href":"https:\/\/servicioswebmedia.com\/pt\/wp-json\/wp\/v2\/media?parent=1206"}],"wp:term":[{"taxonomy":"product_brand","embeddable":true,"href":"https:\/\/servicioswebmedia.com\/pt\/wp-json\/wp\/v2\/product_brand?post=1206"},{"taxonomy":"product_cat","embeddable":true,"href":"https:\/\/servicioswebmedia.com\/pt\/wp-json\/wp\/v2\/product_cat?post=1206"},{"taxonomy":"product_tag","embeddable":true,"href":"https:\/\/servicioswebmedia.com\/pt\/wp-json\/wp\/v2\/product_tag?post=1206"}],"curies":[{"name":"wp","href":"https:\/\/api.w.org\/{rel}","templated":true}]}}