{"id":1203,"date":"2024-10-28T10:45:25","date_gmt":"2024-10-28T10:45:25","guid":{"rendered":"https:\/\/servicioswebmedia.com\/pt\/?post_type=product&#038;p=1203"},"modified":"2025-10-25T14:33:19","modified_gmt":"2025-10-25T14:33:19","slug":"video-marketing-swm-video-pack","status":"publish","type":"product","link":"https:\/\/servicioswebmedia.com\/pt\/produto\/video-marketing-swm-video-pack\/","title":{"rendered":"Video Marketing SWM Video Pack"},"content":{"rendered":"<h3>Pacote de v\u00eddeo<\/h3>\n<ul>\n<li>Pacote de V\u00eddeo de Marketing de V\u00eddeo<\/li>\n<li>Editar as suas melhores imagens ou clips de v\u00eddeo, com mensagens e cenas em transi\u00e7\u00e3o<\/li>\n<li>M\u00fasica sem direitos autorais<\/li>\n<li>Links flutuantes para o seu site<\/li>\n<li>Outro v\u00eddeo<\/li>\n<li>Visite a an\u00e1lise para conhecer bem o seu cliente e melhorar as suas campanhas<\/li>\n<li>Monetiza\u00e7\u00e3o de v\u00eddeo<\/li>\n<\/ul>\n<h4>Pacote de v\u00eddeo<\/h4>\n<p>Alcance o p\u00fablico que voc\u00ea precisa diretamente, exibindo suas imagens em movimento nas redes sociais!!<\/p>\n<p>ADICIONAR AO CARRINHO VIDEO PACK | PRODU\u00c7\u00c3O DE V\u00cdDEOS CURTOS PARA POSTAR NAS REDES SOCIAIS<\/p>\n","protected":false},"excerpt":{"rendered":"<h3>V\u00eddeo Marketing<\/h3>\n<ul>\n<li>Produ\u00e7\u00e3o de V\u00eddeos Curtos Com base nas suas imagens ou clips de v\u00eddeo<\/li>\n<li>Narrado em portugu\u00e9s ou ingl\u00eas por um profissional de locu\u00e7\u00e3o e em alta fidelidade (HQ)<\/li>\n<li>Viralize e conecte-se com as pessoas que voc\u00ea est\u00e1 procurando<\/li>\n<li>Para ser encontrado no Google<\/li>\n<li>Publica no Youtube-Vimeo &#8211; Facebook-Instagram em diferentes formatos.<\/li>\n<\/ul>\n","protected":false},"featured_media":1623,"template":"","meta":{"_uag_custom_page_level_css":"","site-sidebar-layout":"default","site-content-layout":"","ast-site-content-layout":"default","site-content-style":"default","site-sidebar-style":"default","ast-global-header-display":"","ast-banner-title-visibility":"","ast-main-header-display":"","ast-hfb-above-header-display":"","ast-hfb-below-header-display":"","ast-hfb-mobile-header-display":"","site-post-title":"","ast-breadcrumbs-content":"","ast-featured-img":"","footer-sml-layout":"","ast-disable-related-posts":"","theme-transparent-header-meta":"default","adv-header-id-meta":"","stick-header-meta":"default","header-above-stick-meta":"","header-main-stick-meta":"","header-below-stick-meta":"","astra-migrate-meta-layouts":"set","ast-page-background-enabled":"default","ast-page-background-meta":{"desktop":{"background-color":"var(--ast-global-color-4)","background-image":"","background-repeat":"repeat","background-position":"center center","background-size":"auto","background-attachment":"scroll","background-type":"","background-media":"","overlay-type":"","overlay-color":"","overlay-opacity":"","overlay-gradient":""},"tablet":{"background-color":"","background-image":"","background-repeat":"repeat","background-position":"center center","background-size":"auto","background-attachment":"scroll","background-type":"","background-media":"","overlay-type":"","overlay-color":"","overlay-opacity":"","overlay-gradient":""},"mobile":{"background-color":"","background-image":"","background-repeat":"repeat","background-position":"center center","background-size":"auto","background-attachment":"scroll","background-type":"","background-media":"","overlay-type":"","overlay-color":"","overlay-opacity":"","overlay-gradient":""}},"ast-content-background-meta":{"desktop":{"background-color":"var(--ast-global-color-5)","background-image":"","background-repeat":"repeat","background-position":"center center","background-size":"auto","background-attachment":"scroll","background-type":"","background-media":"","overlay-type":"","overlay-color":"","overlay-opacity":"","overlay-gradient":""},"tablet":{"background-color":"var(--ast-global-color-5)","background-image":"","background-repeat":"repeat","background-position":"center center","background-size":"auto","background-attachment":"scroll","background-type":"","background-media":"","overlay-type":"","overlay-color":"","overlay-opacity":"","overlay-gradient":""},"mobile":{"background-color":"var(--ast-global-color-5)","background-image":"","background-repeat":"repeat","background-position":"center center","background-size":"auto","background-attachment":"scroll","background-type":"","background-media":"","overlay-type":"","overlay-color":"","overlay-opacity":"","overlay-gradient":""}}},"product_brand":[],"product_cat":[62],"product_tag":[38,39],"class_list":{"0":"post-1203","1":"product","2":"type-product","3":"status-publish","4":"has-post-thumbnail","6":"product_cat-producao-video-musica","7":"product_tag-crear-video","8":"product_tag-video-marketing","9":"desktop-align-left","10":"tablet-align-left","11":"mobile-align-left","13":"first","14":"instock","15":"sale","16":"virtual","17":"taxable","18":"purchasable","19":"product-type-simple"},"uagb_featured_image_src":{"full":["https:\/\/servicioswebmedia.com\/pt\/wp-content\/uploads\/Marketing-de-Video.png",600,600,false],"thumbnail":["https:\/\/servicioswebmedia.com\/pt\/wp-content\/uploads\/Marketing-de-Video-150x150.png",150,150,true],"medium":["https:\/\/servicioswebmedia.com\/pt\/wp-content\/uploads\/Marketing-de-Video-300x300.png",300,300,true],"medium_large":["https:\/\/servicioswebmedia.com\/pt\/wp-content\/uploads\/Marketing-de-Video.png",600,600,false],"large":["https:\/\/servicioswebmedia.com\/pt\/wp-content\/uploads\/Marketing-de-Video.png",600,600,false],"1536x1536":["https:\/\/servicioswebmedia.com\/pt\/wp-content\/uploads\/Marketing-de-Video.png",600,600,false],"2048x2048":["https:\/\/servicioswebmedia.com\/pt\/wp-content\/uploads\/Marketing-de-Video.png",600,600,false],"gform-image-choice-sm":["https:\/\/servicioswebmedia.com\/pt\/wp-content\/uploads\/Marketing-de-Video.png",300,300,false],"gform-image-choice-md":["https:\/\/servicioswebmedia.com\/pt\/wp-content\/uploads\/Marketing-de-Video.png",400,400,false],"gform-image-choice-lg":["https:\/\/servicioswebmedia.com\/pt\/wp-content\/uploads\/Marketing-de-Video.png",600,600,false],"woocommerce_thumbnail":["https:\/\/servicioswebmedia.com\/pt\/wp-content\/uploads\/Marketing-de-Video-300x300.png",300,300,true],"woocommerce_single":["https:\/\/servicioswebmedia.com\/pt\/wp-content\/uploads\/Marketing-de-Video.png",600,600,false],"woocommerce_gallery_thumbnail":["https:\/\/servicioswebmedia.com\/pt\/wp-content\/uploads\/Marketing-de-Video-100x100.png",100,100,true]},"uagb_author_info":{"display_name":"SWM PT","author_link":"https:\/\/servicioswebmedia.com\/pt\/author\/"},"uagb_comment_info":0,"uagb_excerpt":"V\u00eddeo Marketing Produ\u00e7\u00e3o de V\u00eddeos Curtos Com base nas suas imagens ou clips de v\u00eddeo Narrado em portugu\u00e9s ou ingl\u00eas por um profissional de locu\u00e7\u00e3o e em alta fidelidade (HQ) Viralize e conecte-se com as pessoas que voc\u00ea est\u00e1 procurando Para ser encontrado no Google Publica no Youtube-Vimeo - Facebook-Instagram em diferentes formatos.","_links":{"self":[{"href":"https:\/\/servicioswebmedia.com\/pt\/wp-json\/wp\/v2\/product\/1203","targetHints":{"allow":["GET"]}}],"collection":[{"href":"https:\/\/servicioswebmedia.com\/pt\/wp-json\/wp\/v2\/product"}],"about":[{"href":"https:\/\/servicioswebmedia.com\/pt\/wp-json\/wp\/v2\/types\/product"}],"wp:featuredmedia":[{"embeddable":true,"href":"https:\/\/servicioswebmedia.com\/pt\/wp-json\/wp\/v2\/media\/1623"}],"wp:attachment":[{"href":"https:\/\/servicioswebmedia.com\/pt\/wp-json\/wp\/v2\/media?parent=1203"}],"wp:term":[{"taxonomy":"product_brand","embeddable":true,"href":"https:\/\/servicioswebmedia.com\/pt\/wp-json\/wp\/v2\/product_brand?post=1203"},{"taxonomy":"product_cat","embeddable":true,"href":"https:\/\/servicioswebmedia.com\/pt\/wp-json\/wp\/v2\/product_cat?post=1203"},{"taxonomy":"product_tag","embeddable":true,"href":"https:\/\/servicioswebmedia.com\/pt\/wp-json\/wp\/v2\/product_tag?post=1203"}],"curies":[{"name":"wp","href":"https:\/\/api.w.org\/{rel}","templated":true}]}}