{"id":1201,"date":"2024-10-28T10:45:25","date_gmt":"2024-10-28T10:45:25","guid":{"rendered":"https:\/\/servicioswebmedia.com\/pt\/?post_type=product&#038;p=1201"},"modified":"2025-10-25T14:23:05","modified_gmt":"2025-10-25T14:23:05","slug":"redesign-web","status":"publish","type":"product","link":"https:\/\/servicioswebmedia.com\/pt\/produto\/redesign-web\/","title":{"rendered":"Redesign Web"},"content":{"rendered":"<h3>Redesenho da atualiza\u00e7\u00e3o do Web-Pack<\/h3>\n<ul>\n<li>Modernize seu site<\/li>\n<li>Restri\u00e7\u00f5es de acesso ao painel de administra\u00e7\u00e3o<\/li>\n<li>Transforme seu site HTML est\u00e1tico em um site ou blog din\u00e2mico<\/li>\n<li>WordPress CMS Gerenciador de Conte\u00fado<\/li>\n<li>In\u00fameras funcionalidades dispon\u00edveis<\/li>\n<li>Monitoriza\u00e7\u00e3o em tempo real de acessos ou visitas suspeitas.<\/li>\n<li>Envio peri\u00f3dico de an\u00e1lises e estat\u00edsticas de tr\u00e1fego<\/li>\n<li>*A atualiza\u00e7\u00e3o de conte\u00fado inclui at\u00e9 5 p\u00e1ginas<\/li>\n<\/ul>\n<p>**Desde que o seu plano de hospedagem inclua prepara\u00e7\u00e3o.<\/p>\n<h4>Atualiza\u00e7\u00e3o do pacote<\/h4>\n<p>Transforme o seu website numa experi\u00eancia din\u00e2mica e interativa.<\/p>\n<p>Melhore seus recursos e benef\u00edcios | Facilite a edi\u00e7\u00e3o e melhore a experi\u00eancia do usu\u00e1rio, adaptando seu site para dispositivos m\u00f3veis!. ADICIONAR AO CARRINHO PACOTE DE ATUALIZA\u00c7\u00c3O | TRANSFORMAR O WEBSITE E MELHORAR A SUA FUNCIONALIDADE<\/p>\n","protected":false},"excerpt":{"rendered":"<h3>Web Redesign<\/h3>\n<ul>\n<li>Modernize o seu Website<\/li>\n<li>Melhoria do Sistema de Gest\u00e3o de Conte\u00fados<\/li>\n<li>Wordpress para web ou blog din\u00e2mico.<\/li>\n<li>Atualiza\u00e7\u00e3o de conte\u00fado*<\/li>\n<li>N\u00e3o h\u00e1 necessidade de mudar de provedor de hospedagem! ! **<\/li>\n<\/ul>\n","protected":false},"featured_media":1621,"template":"","meta":{"_uag_custom_page_level_css":"","site-sidebar-layout":"default","site-content-layout":"","ast-site-content-layout":"default","site-content-style":"default","site-sidebar-style":"default","ast-global-header-display":"","ast-banner-title-visibility":"","ast-main-header-display":"","ast-hfb-above-header-display":"","ast-hfb-below-header-display":"","ast-hfb-mobile-header-display":"","site-post-title":"","ast-breadcrumbs-content":"","ast-featured-img":"","footer-sml-layout":"","ast-disable-related-posts":"","theme-transparent-header-meta":"default","adv-header-id-meta":"","stick-header-meta":"default","header-above-stick-meta":"","header-main-stick-meta":"","header-below-stick-meta":"","astra-migrate-meta-layouts":"set","ast-page-background-enabled":"default","ast-page-background-meta":{"desktop":{"background-color":"var(--ast-global-color-4)","background-image":"","background-repeat":"repeat","background-position":"center center","background-size":"auto","background-attachment":"scroll","background-type":"","background-media":"","overlay-type":"","overlay-color":"","overlay-opacity":"","overlay-gradient":""},"tablet":{"background-color":"","background-image":"","background-repeat":"repeat","background-position":"center center","background-size":"auto","background-attachment":"scroll","background-type":"","background-media":"","overlay-type":"","overlay-color":"","overlay-opacity":"","overlay-gradient":""},"mobile":{"background-color":"","background-image":"","background-repeat":"repeat","background-position":"center center","background-size":"auto","background-attachment":"scroll","background-type":"","background-media":"","overlay-type":"","overlay-color":"","overlay-opacity":"","overlay-gradient":""}},"ast-content-background-meta":{"desktop":{"background-color":"var(--ast-global-color-5)","background-image":"","background-repeat":"repeat","background-position":"center center","background-size":"auto","background-attachment":"scroll","background-type":"","background-media":"","overlay-type":"","overlay-color":"","overlay-opacity":"","overlay-gradient":""},"tablet":{"background-color":"var(--ast-global-color-5)","background-image":"","background-repeat":"repeat","background-position":"center center","background-size":"auto","background-attachment":"scroll","background-type":"","background-media":"","overlay-type":"","overlay-color":"","overlay-opacity":"","overlay-gradient":""},"mobile":{"background-color":"var(--ast-global-color-5)","background-image":"","background-repeat":"repeat","background-position":"center center","background-size":"auto","background-attachment":"scroll","background-type":"","background-media":"","overlay-type":"","overlay-color":"","overlay-opacity":"","overlay-gradient":""}}},"product_brand":[],"product_cat":[54],"product_tag":[],"class_list":{"0":"post-1201","1":"product","2":"type-product","3":"status-publish","4":"has-post-thumbnail","6":"product_cat-rediseno-web","7":"desktop-align-left","8":"tablet-align-left","9":"mobile-align-left","11":"first","12":"instock","13":"virtual","14":"taxable","15":"purchasable","16":"product-type-simple"},"uagb_featured_image_src":{"full":["https:\/\/servicioswebmedia.com\/pt\/wp-content\/uploads\/Redesign-Web.png",600,600,false],"thumbnail":["https:\/\/servicioswebmedia.com\/pt\/wp-content\/uploads\/Redesign-Web-150x150.png",150,150,true],"medium":["https:\/\/servicioswebmedia.com\/pt\/wp-content\/uploads\/Redesign-Web-300x300.png",300,300,true],"medium_large":["https:\/\/servicioswebmedia.com\/pt\/wp-content\/uploads\/Redesign-Web.png",600,600,false],"large":["https:\/\/servicioswebmedia.com\/pt\/wp-content\/uploads\/Redesign-Web.png",600,600,false],"1536x1536":["https:\/\/servicioswebmedia.com\/pt\/wp-content\/uploads\/Redesign-Web.png",600,600,false],"2048x2048":["https:\/\/servicioswebmedia.com\/pt\/wp-content\/uploads\/Redesign-Web.png",600,600,false],"gform-image-choice-sm":["https:\/\/servicioswebmedia.com\/pt\/wp-content\/uploads\/Redesign-Web.png",300,300,false],"gform-image-choice-md":["https:\/\/servicioswebmedia.com\/pt\/wp-content\/uploads\/Redesign-Web.png",400,400,false],"gform-image-choice-lg":["https:\/\/servicioswebmedia.com\/pt\/wp-content\/uploads\/Redesign-Web.png",600,600,false],"woocommerce_thumbnail":["https:\/\/servicioswebmedia.com\/pt\/wp-content\/uploads\/Redesign-Web-300x300.png",300,300,true],"woocommerce_single":["https:\/\/servicioswebmedia.com\/pt\/wp-content\/uploads\/Redesign-Web.png",600,600,false],"woocommerce_gallery_thumbnail":["https:\/\/servicioswebmedia.com\/pt\/wp-content\/uploads\/Redesign-Web-100x100.png",100,100,true]},"uagb_author_info":{"display_name":"SWM PT","author_link":"https:\/\/servicioswebmedia.com\/pt\/author\/"},"uagb_comment_info":0,"uagb_excerpt":"Web Redesign Modernize o seu Website Melhoria do Sistema de Gest\u00e3o de Conte\u00fados Wordpress para web ou blog din\u00e2mico. Atualiza\u00e7\u00e3o de conte\u00fado* N\u00e3o h\u00e1 necessidade de mudar de provedor de hospedagem! ! **","_links":{"self":[{"href":"https:\/\/servicioswebmedia.com\/pt\/wp-json\/wp\/v2\/product\/1201","targetHints":{"allow":["GET"]}}],"collection":[{"href":"https:\/\/servicioswebmedia.com\/pt\/wp-json\/wp\/v2\/product"}],"about":[{"href":"https:\/\/servicioswebmedia.com\/pt\/wp-json\/wp\/v2\/types\/product"}],"wp:featuredmedia":[{"embeddable":true,"href":"https:\/\/servicioswebmedia.com\/pt\/wp-json\/wp\/v2\/media\/1621"}],"wp:attachment":[{"href":"https:\/\/servicioswebmedia.com\/pt\/wp-json\/wp\/v2\/media?parent=1201"}],"wp:term":[{"taxonomy":"product_brand","embeddable":true,"href":"https:\/\/servicioswebmedia.com\/pt\/wp-json\/wp\/v2\/product_brand?post=1201"},{"taxonomy":"product_cat","embeddable":true,"href":"https:\/\/servicioswebmedia.com\/pt\/wp-json\/wp\/v2\/product_cat?post=1201"},{"taxonomy":"product_tag","embeddable":true,"href":"https:\/\/servicioswebmedia.com\/pt\/wp-json\/wp\/v2\/product_tag?post=1201"}],"curies":[{"name":"wp","href":"https:\/\/api.w.org\/{rel}","templated":true}]}}