{"id":1200,"date":"2024-10-28T10:45:25","date_gmt":"2024-10-28T10:45:25","guid":{"rendered":"https:\/\/servicioswebmedia.com\/pt\/?post_type=product&#038;p=1200"},"modified":"2025-10-25T14:18:21","modified_gmt":"2025-10-25T14:18:21","slug":"manutencao-wordpress","status":"publish","type":"product","link":"https:\/\/servicioswebmedia.com\/pt\/produto\/manutencao-wordpress\/","title":{"rendered":"Manuten\u00e7\u00e3o WordPress SWM Update 12"},"content":{"rendered":"<h3>WordPress Update 12<\/h3>\n<h4>Manuten\u00e7\u00e3o Manuten\u00e7\u00e3o semanal do WordPress<\/h4>\n<ul>\n<li>Manuten\u00e7\u00e3o permanente do seu Sistema de Gest\u00e3o de Conte\u00fados (CMS)<\/li>\n<li>Protege o seu website contra hacks e ataques maliciosos<\/li>\n<li>Proteja as informa\u00e7\u00f5es da sua empresa e dos seus clientes<\/li>\n<li>Manuten\u00e7\u00e3o permanente de design e funcionalidade (temas e plugins)<\/li>\n<li>Monitoriza\u00e7\u00e3o em tempo real de acessos ou visitas suspeitas.<\/li>\n<li>Bloqueio de endere\u00e7os IP e listas negras<\/li>\n<li>12 Backups duplos do seu conte\u00fado antes das atualiza\u00e7\u00f5es<\/li>\n<li>Atualiza\u00e7\u00e3o manual do plugin GPL<\/li>\n<\/ul>\n<h4>Atualiza\u00e7\u00e3o 12<\/h4>\n<p>A melhor maneira de manter seu site funcionando de forma eficiente e proteg\u00ea-lo de hacks ou ataques maliciosos \u00e9 atualiz\u00e1-lo constantemente!<\/p>\n<p>ADICIONAR AO CARRINHO ATUALIZA\u00c7\u00c3O 12 | INCLUI 1 ANO DE MANUTEN\u00c7\u00c3O WEB E SEGURAN\u00c7A PARA O SEU WORDPRESS<\/p>\n","protected":false},"excerpt":{"rendered":"<h3>Manuten\u00e7\u00e3o Semanal de Websites Wordpress<\/h3>\n<ul>\n<li>Manuten\u00e7\u00e3o permanente do seu Sistema de Gest\u00e3o de Conte\u00fados (CMS)<\/li>\n<li>Protege o seu website contra hacks e ataques maliciosos<\/li>\n<li>Minimize o spam e outras amea\u00e7as<\/li>\n<li>Proteja as informa\u00e7\u00f5es da sua empresa e dos seus clientes<\/li>\n<li>Manuten\u00e7\u00e3o permanente do projeto e funcionalidade<\/li>\n<li>12 Backups duplos do seu conte\u00fado antes das atualiza\u00e7\u00f5es<\/li>\n<\/ul>\n","protected":false},"featured_media":1619,"template":"","meta":{"_uag_custom_page_level_css":"","site-sidebar-layout":"default","site-content-layout":"","ast-site-content-layout":"default","site-content-style":"default","site-sidebar-style":"default","ast-global-header-display":"","ast-banner-title-visibility":"","ast-main-header-display":"","ast-hfb-above-header-display":"","ast-hfb-below-header-display":"","ast-hfb-mobile-header-display":"","site-post-title":"","ast-breadcrumbs-content":"","ast-featured-img":"","footer-sml-layout":"","ast-disable-related-posts":"","theme-transparent-header-meta":"default","adv-header-id-meta":"","stick-header-meta":"default","header-above-stick-meta":"","header-main-stick-meta":"","header-below-stick-meta":"","astra-migrate-meta-layouts":"set","ast-page-background-enabled":"default","ast-page-background-meta":{"desktop":{"background-color":"var(--ast-global-color-4)","background-image":"","background-repeat":"repeat","background-position":"center center","background-size":"auto","background-attachment":"scroll","background-type":"","background-media":"","overlay-type":"","overlay-color":"","overlay-opacity":"","overlay-gradient":""},"tablet":{"background-color":"","background-image":"","background-repeat":"repeat","background-position":"center center","background-size":"auto","background-attachment":"scroll","background-type":"","background-media":"","overlay-type":"","overlay-color":"","overlay-opacity":"","overlay-gradient":""},"mobile":{"background-color":"","background-image":"","background-repeat":"repeat","background-position":"center center","background-size":"auto","background-attachment":"scroll","background-type":"","background-media":"","overlay-type":"","overlay-color":"","overlay-opacity":"","overlay-gradient":""}},"ast-content-background-meta":{"desktop":{"background-color":"var(--ast-global-color-5)","background-image":"","background-repeat":"repeat","background-position":"center center","background-size":"auto","background-attachment":"scroll","background-type":"","background-media":"","overlay-type":"","overlay-color":"","overlay-opacity":"","overlay-gradient":""},"tablet":{"background-color":"var(--ast-global-color-5)","background-image":"","background-repeat":"repeat","background-position":"center center","background-size":"auto","background-attachment":"scroll","background-type":"","background-media":"","overlay-type":"","overlay-color":"","overlay-opacity":"","overlay-gradient":""},"mobile":{"background-color":"var(--ast-global-color-5)","background-image":"","background-repeat":"repeat","background-position":"center center","background-size":"auto","background-attachment":"scroll","background-type":"","background-media":"","overlay-type":"","overlay-color":"","overlay-opacity":"","overlay-gradient":""}}},"product_brand":[],"product_cat":[55],"product_tag":[],"class_list":{"0":"post-1200","1":"product","2":"type-product","3":"status-publish","4":"has-post-thumbnail","6":"product_cat-manutencao-web","7":"desktop-align-left","8":"tablet-align-left","9":"mobile-align-left","11":"first","12":"instock","13":"sale","14":"virtual","15":"taxable","16":"purchasable","17":"product-type-simple"},"uagb_featured_image_src":{"full":["https:\/\/servicioswebmedia.com\/pt\/wp-content\/uploads\/Manutencao-WordPress.png",600,600,false],"thumbnail":["https:\/\/servicioswebmedia.com\/pt\/wp-content\/uploads\/Manutencao-WordPress-150x150.png",150,150,true],"medium":["https:\/\/servicioswebmedia.com\/pt\/wp-content\/uploads\/Manutencao-WordPress-300x300.png",300,300,true],"medium_large":["https:\/\/servicioswebmedia.com\/pt\/wp-content\/uploads\/Manutencao-WordPress.png",600,600,false],"large":["https:\/\/servicioswebmedia.com\/pt\/wp-content\/uploads\/Manutencao-WordPress.png",600,600,false],"1536x1536":["https:\/\/servicioswebmedia.com\/pt\/wp-content\/uploads\/Manutencao-WordPress.png",600,600,false],"2048x2048":["https:\/\/servicioswebmedia.com\/pt\/wp-content\/uploads\/Manutencao-WordPress.png",600,600,false],"gform-image-choice-sm":["https:\/\/servicioswebmedia.com\/pt\/wp-content\/uploads\/Manutencao-WordPress.png",300,300,false],"gform-image-choice-md":["https:\/\/servicioswebmedia.com\/pt\/wp-content\/uploads\/Manutencao-WordPress.png",400,400,false],"gform-image-choice-lg":["https:\/\/servicioswebmedia.com\/pt\/wp-content\/uploads\/Manutencao-WordPress.png",600,600,false],"woocommerce_thumbnail":["https:\/\/servicioswebmedia.com\/pt\/wp-content\/uploads\/Manutencao-WordPress-300x300.png",300,300,true],"woocommerce_single":["https:\/\/servicioswebmedia.com\/pt\/wp-content\/uploads\/Manutencao-WordPress.png",600,600,false],"woocommerce_gallery_thumbnail":["https:\/\/servicioswebmedia.com\/pt\/wp-content\/uploads\/Manutencao-WordPress-100x100.png",100,100,true]},"uagb_author_info":{"display_name":"SWM PT","author_link":"https:\/\/servicioswebmedia.com\/pt\/author\/"},"uagb_comment_info":0,"uagb_excerpt":"Manuten\u00e7\u00e3o Semanal de Websites Wordpress Manuten\u00e7\u00e3o permanente do seu Sistema de Gest\u00e3o de Conte\u00fados (CMS) Protege o seu website contra hacks e ataques maliciosos Minimize o spam e outras amea\u00e7as Proteja as informa\u00e7\u00f5es da sua empresa e dos seus clientes Manuten\u00e7\u00e3o permanente do projeto e funcionalidade 12 Backups duplos do seu conte\u00fado antes das atualiza\u00e7\u00f5es","_links":{"self":[{"href":"https:\/\/servicioswebmedia.com\/pt\/wp-json\/wp\/v2\/product\/1200","targetHints":{"allow":["GET"]}}],"collection":[{"href":"https:\/\/servicioswebmedia.com\/pt\/wp-json\/wp\/v2\/product"}],"about":[{"href":"https:\/\/servicioswebmedia.com\/pt\/wp-json\/wp\/v2\/types\/product"}],"wp:featuredmedia":[{"embeddable":true,"href":"https:\/\/servicioswebmedia.com\/pt\/wp-json\/wp\/v2\/media\/1619"}],"wp:attachment":[{"href":"https:\/\/servicioswebmedia.com\/pt\/wp-json\/wp\/v2\/media?parent=1200"}],"wp:term":[{"taxonomy":"product_brand","embeddable":true,"href":"https:\/\/servicioswebmedia.com\/pt\/wp-json\/wp\/v2\/product_brand?post=1200"},{"taxonomy":"product_cat","embeddable":true,"href":"https:\/\/servicioswebmedia.com\/pt\/wp-json\/wp\/v2\/product_cat?post=1200"},{"taxonomy":"product_tag","embeddable":true,"href":"https:\/\/servicioswebmedia.com\/pt\/wp-json\/wp\/v2\/product_tag?post=1200"}],"curies":[{"name":"wp","href":"https:\/\/api.w.org\/{rel}","templated":true}]}}