{"id":1199,"date":"2024-10-28T10:45:24","date_gmt":"2024-10-28T10:45:24","guid":{"rendered":"https:\/\/servicioswebmedia.com\/pt\/?post_type=product&#038;p=1199"},"modified":"2025-10-25T14:38:32","modified_gmt":"2025-10-25T14:38:32","slug":"seguranca-wordpress","status":"publish","type":"product","link":"https:\/\/servicioswebmedia.com\/pt\/produto\/seguranca-wordpress\/","title":{"rendered":"Seguran\u00e7a WordPress"},"content":{"rendered":"<h3>Pacote de Seguran\u00e7a Web Defender<\/h3>\n<h4>Seguran\u00e7a para WordPress CMS<\/h4>\n<ul>\n<li>Restri\u00e7\u00f5es de acesso ao painel de administra\u00e7\u00e3o<\/li>\n<li>Prote\u00e7\u00e3o de diret\u00f3rio<\/li>\n<li>Prote\u00e7\u00e3o e restri\u00e7\u00e3o de acesso a arquivos<\/li>\n<li>Filtro de spam<\/li>\n<li>Monitoriza\u00e7\u00e3o em tempo real de acessos ou visitas suspeitas.<\/li>\n<li>Bloqueio de endere\u00e7os IP e listas negras<\/li>\n<\/ul>\n<h4>Pacote Defender<\/h4>\n<p>Obter melhor classifica\u00e7\u00e3o na internet garantindo um site seguro para seus usu\u00e1rios! | Proteja o seu investimento e os seus clientes de ataques maliciosos<\/p>\n<p>ADICIONAR AO CARRINHO DEFENDER PACK | SEGURAN\u00c7A WORDPRESS | BLOQUEAR SPAM<\/p>\n","protected":false},"excerpt":{"rendered":"<h3>Seguran\u00e7a Avan\u00e7ada Wordpress<\/h3>\n<ul>\n<li>Instalando o certificado SSL (Secure Socket Layer)<\/li>\n<li>Proteja seu site contra ataques ou hackers<\/li>\n<li>Minimize o SPAM e o Lixo Eletr\u00f4nico<\/li>\n<li>Proteja as informa\u00e7\u00f5es da sua empresa e dos seus clientes<\/li>\n<li>Impedir que outras pessoas utilizem o seu conte\u00fado<\/li>\n<li>Backup agendado duplo do seu site (Server + Cloud)<\/li>\n<\/ul>\n","protected":false},"featured_media":1625,"template":"","meta":{"_uag_custom_page_level_css":"","site-sidebar-layout":"default","site-content-layout":"","ast-site-content-layout":"default","site-content-style":"default","site-sidebar-style":"default","ast-global-header-display":"","ast-banner-title-visibility":"","ast-main-header-display":"","ast-hfb-above-header-display":"","ast-hfb-below-header-display":"","ast-hfb-mobile-header-display":"","site-post-title":"","ast-breadcrumbs-content":"","ast-featured-img":"","footer-sml-layout":"","ast-disable-related-posts":"","theme-transparent-header-meta":"default","adv-header-id-meta":"","stick-header-meta":"default","header-above-stick-meta":"","header-main-stick-meta":"","header-below-stick-meta":"","astra-migrate-meta-layouts":"set","ast-page-background-enabled":"default","ast-page-background-meta":{"desktop":{"background-color":"var(--ast-global-color-4)","background-image":"","background-repeat":"repeat","background-position":"center center","background-size":"auto","background-attachment":"scroll","background-type":"","background-media":"","overlay-type":"","overlay-color":"","overlay-opacity":"","overlay-gradient":""},"tablet":{"background-color":"","background-image":"","background-repeat":"repeat","background-position":"center center","background-size":"auto","background-attachment":"scroll","background-type":"","background-media":"","overlay-type":"","overlay-color":"","overlay-opacity":"","overlay-gradient":""},"mobile":{"background-color":"","background-image":"","background-repeat":"repeat","background-position":"center center","background-size":"auto","background-attachment":"scroll","background-type":"","background-media":"","overlay-type":"","overlay-color":"","overlay-opacity":"","overlay-gradient":""}},"ast-content-background-meta":{"desktop":{"background-color":"var(--ast-global-color-5)","background-image":"","background-repeat":"repeat","background-position":"center center","background-size":"auto","background-attachment":"scroll","background-type":"","background-media":"","overlay-type":"","overlay-color":"","overlay-opacity":"","overlay-gradient":""},"tablet":{"background-color":"var(--ast-global-color-5)","background-image":"","background-repeat":"repeat","background-position":"center center","background-size":"auto","background-attachment":"scroll","background-type":"","background-media":"","overlay-type":"","overlay-color":"","overlay-opacity":"","overlay-gradient":""},"mobile":{"background-color":"var(--ast-global-color-5)","background-image":"","background-repeat":"repeat","background-position":"center center","background-size":"auto","background-attachment":"scroll","background-type":"","background-media":"","overlay-type":"","overlay-color":"","overlay-opacity":"","overlay-gradient":""}}},"product_brand":[],"product_cat":[56],"product_tag":[35,36,37],"class_list":{"0":"post-1199","1":"product","2":"type-product","3":"status-publish","4":"has-post-thumbnail","6":"product_cat-seguranca-na-web","7":"product_tag-evitar-hackeos","8":"product_tag-evitar-spam","9":"product_tag-seguridad-web","10":"desktop-align-left","11":"tablet-align-left","12":"mobile-align-left","14":"first","15":"instock","16":"sale","17":"virtual","18":"taxable","19":"purchasable","20":"product-type-simple"},"uagb_featured_image_src":{"full":["https:\/\/servicioswebmedia.com\/pt\/wp-content\/uploads\/Seguranca-WordPress.png",600,600,false],"thumbnail":["https:\/\/servicioswebmedia.com\/pt\/wp-content\/uploads\/Seguranca-WordPress-150x150.png",150,150,true],"medium":["https:\/\/servicioswebmedia.com\/pt\/wp-content\/uploads\/Seguranca-WordPress-300x300.png",300,300,true],"medium_large":["https:\/\/servicioswebmedia.com\/pt\/wp-content\/uploads\/Seguranca-WordPress.png",600,600,false],"large":["https:\/\/servicioswebmedia.com\/pt\/wp-content\/uploads\/Seguranca-WordPress.png",600,600,false],"1536x1536":["https:\/\/servicioswebmedia.com\/pt\/wp-content\/uploads\/Seguranca-WordPress.png",600,600,false],"2048x2048":["https:\/\/servicioswebmedia.com\/pt\/wp-content\/uploads\/Seguranca-WordPress.png",600,600,false],"gform-image-choice-sm":["https:\/\/servicioswebmedia.com\/pt\/wp-content\/uploads\/Seguranca-WordPress.png",300,300,false],"gform-image-choice-md":["https:\/\/servicioswebmedia.com\/pt\/wp-content\/uploads\/Seguranca-WordPress.png",400,400,false],"gform-image-choice-lg":["https:\/\/servicioswebmedia.com\/pt\/wp-content\/uploads\/Seguranca-WordPress.png",600,600,false],"woocommerce_thumbnail":["https:\/\/servicioswebmedia.com\/pt\/wp-content\/uploads\/Seguranca-WordPress-300x300.png",300,300,true],"woocommerce_single":["https:\/\/servicioswebmedia.com\/pt\/wp-content\/uploads\/Seguranca-WordPress.png",600,600,false],"woocommerce_gallery_thumbnail":["https:\/\/servicioswebmedia.com\/pt\/wp-content\/uploads\/Seguranca-WordPress-100x100.png",100,100,true]},"uagb_author_info":{"display_name":"SWM PT","author_link":"https:\/\/servicioswebmedia.com\/pt\/author\/"},"uagb_comment_info":0,"uagb_excerpt":"Seguran\u00e7a Avan\u00e7ada Wordpress Instalando o certificado SSL (Secure Socket Layer) Proteja seu site contra ataques ou hackers Minimize o SPAM e o Lixo Eletr\u00f4nico Proteja as informa\u00e7\u00f5es da sua empresa e dos seus clientes Impedir que outras pessoas utilizem o seu conte\u00fado Backup agendado duplo do seu site (Server + Cloud)","_links":{"self":[{"href":"https:\/\/servicioswebmedia.com\/pt\/wp-json\/wp\/v2\/product\/1199","targetHints":{"allow":["GET"]}}],"collection":[{"href":"https:\/\/servicioswebmedia.com\/pt\/wp-json\/wp\/v2\/product"}],"about":[{"href":"https:\/\/servicioswebmedia.com\/pt\/wp-json\/wp\/v2\/types\/product"}],"wp:featuredmedia":[{"embeddable":true,"href":"https:\/\/servicioswebmedia.com\/pt\/wp-json\/wp\/v2\/media\/1625"}],"wp:attachment":[{"href":"https:\/\/servicioswebmedia.com\/pt\/wp-json\/wp\/v2\/media?parent=1199"}],"wp:term":[{"taxonomy":"product_brand","embeddable":true,"href":"https:\/\/servicioswebmedia.com\/pt\/wp-json\/wp\/v2\/product_brand?post=1199"},{"taxonomy":"product_cat","embeddable":true,"href":"https:\/\/servicioswebmedia.com\/pt\/wp-json\/wp\/v2\/product_cat?post=1199"},{"taxonomy":"product_tag","embeddable":true,"href":"https:\/\/servicioswebmedia.com\/pt\/wp-json\/wp\/v2\/product_tag?post=1199"}],"curies":[{"name":"wp","href":"https:\/\/api.w.org\/{rel}","templated":true}]}}