{"id":1198,"date":"2024-10-28T10:45:23","date_gmt":"2024-10-28T10:45:23","guid":{"rendered":"https:\/\/servicioswebmedia.com\/pt\/?post_type=product&#038;p=1198"},"modified":"2025-10-25T14:45:18","modified_gmt":"2025-10-25T14:45:18","slug":"marketing-de-redes-sociais","status":"publish","type":"product","link":"https:\/\/servicioswebmedia.com\/pt\/produto\/marketing-de-redes-sociais\/","title":{"rendered":"Marketing de Redes Sociais SWM Social Pack"},"content":{"rendered":"<h3>Publicidade nas Redes Sociais<\/h3>\n<ul>\n<li>Posicionamento atrav\u00e9s da conex\u00e3o com as redes sociais.<\/li>\n<li>Publica\u00e7\u00e3o simult\u00e2nea do seu site em perfis sociais<\/li>\n<li>Posicionamento web atrav\u00e9s do uso correto de redes<\/li>\n<li>Posicionamento SEO atrav\u00e9s da densidade de links de qualidade<\/li>\n<li>Uso correto de hashtags para tend\u00eancias sociais<\/li>\n<\/ul>\n<h4>Pacote Social<\/h4>\n<p>Alcance seu alvo diretamente em ambientes confi\u00e1veis que facilitam a comunica\u00e7\u00e3o com seus clientes.<br \/>\nADICIONAR AO CARRINHO SOCIAL PACK | CONFIGURA\u00c7\u00c3O DE PERFIS SOCIAIS PARA POSICIONAMENTO DO SEU WEBSITE!<\/p>\n","protected":false},"excerpt":{"rendered":"<h3>Publicidade nas Redes Sociais<\/h3>\n<ul>\n<li>Registo e integra\u00e7\u00e3o do website com perfis sociais<\/li>\n<li>Rastreamento de m\u00eddia social &amp; Analytics<\/li>\n<li>**SEO natural preliminar GR\u00c1TIS!-(Economize \u20ac50)**<\/li>\n<\/ul>\n","protected":false},"featured_media":1626,"template":"","meta":{"_uag_custom_page_level_css":"","site-sidebar-layout":"default","site-content-layout":"","ast-site-content-layout":"default","site-content-style":"default","site-sidebar-style":"default","ast-global-header-display":"","ast-banner-title-visibility":"","ast-main-header-display":"","ast-hfb-above-header-display":"","ast-hfb-below-header-display":"","ast-hfb-mobile-header-display":"","site-post-title":"","ast-breadcrumbs-content":"","ast-featured-img":"","footer-sml-layout":"","ast-disable-related-posts":"","theme-transparent-header-meta":"default","adv-header-id-meta":"","stick-header-meta":"default","header-above-stick-meta":"","header-main-stick-meta":"","header-below-stick-meta":"","astra-migrate-meta-layouts":"set","ast-page-background-enabled":"default","ast-page-background-meta":{"desktop":{"background-color":"var(--ast-global-color-4)","background-image":"","background-repeat":"repeat","background-position":"center center","background-size":"auto","background-attachment":"scroll","background-type":"","background-media":"","overlay-type":"","overlay-color":"","overlay-opacity":"","overlay-gradient":""},"tablet":{"background-color":"","background-image":"","background-repeat":"repeat","background-position":"center center","background-size":"auto","background-attachment":"scroll","background-type":"","background-media":"","overlay-type":"","overlay-color":"","overlay-opacity":"","overlay-gradient":""},"mobile":{"background-color":"","background-image":"","background-repeat":"repeat","background-position":"center center","background-size":"auto","background-attachment":"scroll","background-type":"","background-media":"","overlay-type":"","overlay-color":"","overlay-opacity":"","overlay-gradient":""}},"ast-content-background-meta":{"desktop":{"background-color":"var(--ast-global-color-5)","background-image":"","background-repeat":"repeat","background-position":"center center","background-size":"auto","background-attachment":"scroll","background-type":"","background-media":"","overlay-type":"","overlay-color":"","overlay-opacity":"","overlay-gradient":""},"tablet":{"background-color":"var(--ast-global-color-5)","background-image":"","background-repeat":"repeat","background-position":"center center","background-size":"auto","background-attachment":"scroll","background-type":"","background-media":"","overlay-type":"","overlay-color":"","overlay-opacity":"","overlay-gradient":""},"mobile":{"background-color":"var(--ast-global-color-5)","background-image":"","background-repeat":"repeat","background-position":"center center","background-size":"auto","background-attachment":"scroll","background-type":"","background-media":"","overlay-type":"","overlay-color":"","overlay-opacity":"","overlay-gradient":""}}},"product_brand":[],"product_cat":[51],"product_tag":[32,33,34],"class_list":{"0":"post-1198","1":"product","2":"type-product","3":"status-publish","4":"has-post-thumbnail","6":"product_cat-redes-sociais","7":"product_tag-aumentar-ventas","8":"product_tag-posicionamiento-en-redes","9":"product_tag-redes-sociales","10":"desktop-align-left","11":"tablet-align-left","12":"mobile-align-left","14":"first","15":"instock","16":"sale","17":"virtual","18":"taxable","19":"purchasable","20":"product-type-simple"},"uagb_featured_image_src":{"full":["https:\/\/servicioswebmedia.com\/pt\/wp-content\/uploads\/Marketing-de-Redes-Sociais.png",600,600,false],"thumbnail":["https:\/\/servicioswebmedia.com\/pt\/wp-content\/uploads\/Marketing-de-Redes-Sociais-150x150.png",150,150,true],"medium":["https:\/\/servicioswebmedia.com\/pt\/wp-content\/uploads\/Marketing-de-Redes-Sociais-300x300.png",300,300,true],"medium_large":["https:\/\/servicioswebmedia.com\/pt\/wp-content\/uploads\/Marketing-de-Redes-Sociais.png",600,600,false],"large":["https:\/\/servicioswebmedia.com\/pt\/wp-content\/uploads\/Marketing-de-Redes-Sociais.png",600,600,false],"1536x1536":["https:\/\/servicioswebmedia.com\/pt\/wp-content\/uploads\/Marketing-de-Redes-Sociais.png",600,600,false],"2048x2048":["https:\/\/servicioswebmedia.com\/pt\/wp-content\/uploads\/Marketing-de-Redes-Sociais.png",600,600,false],"gform-image-choice-sm":["https:\/\/servicioswebmedia.com\/pt\/wp-content\/uploads\/Marketing-de-Redes-Sociais.png",300,300,false],"gform-image-choice-md":["https:\/\/servicioswebmedia.com\/pt\/wp-content\/uploads\/Marketing-de-Redes-Sociais.png",400,400,false],"gform-image-choice-lg":["https:\/\/servicioswebmedia.com\/pt\/wp-content\/uploads\/Marketing-de-Redes-Sociais.png",600,600,false],"woocommerce_thumbnail":["https:\/\/servicioswebmedia.com\/pt\/wp-content\/uploads\/Marketing-de-Redes-Sociais-300x300.png",300,300,true],"woocommerce_single":["https:\/\/servicioswebmedia.com\/pt\/wp-content\/uploads\/Marketing-de-Redes-Sociais.png",600,600,false],"woocommerce_gallery_thumbnail":["https:\/\/servicioswebmedia.com\/pt\/wp-content\/uploads\/Marketing-de-Redes-Sociais-100x100.png",100,100,true]},"uagb_author_info":{"display_name":"SWM PT","author_link":"https:\/\/servicioswebmedia.com\/pt\/author\/"},"uagb_comment_info":0,"uagb_excerpt":"Publicidade nas Redes Sociais Registo e integra\u00e7\u00e3o do website com perfis sociais Rastreamento de m\u00eddia social &amp; Analytics **SEO natural preliminar GR\u00c1TIS!-(Economize \u20ac50)**","_links":{"self":[{"href":"https:\/\/servicioswebmedia.com\/pt\/wp-json\/wp\/v2\/product\/1198","targetHints":{"allow":["GET"]}}],"collection":[{"href":"https:\/\/servicioswebmedia.com\/pt\/wp-json\/wp\/v2\/product"}],"about":[{"href":"https:\/\/servicioswebmedia.com\/pt\/wp-json\/wp\/v2\/types\/product"}],"wp:featuredmedia":[{"embeddable":true,"href":"https:\/\/servicioswebmedia.com\/pt\/wp-json\/wp\/v2\/media\/1626"}],"wp:attachment":[{"href":"https:\/\/servicioswebmedia.com\/pt\/wp-json\/wp\/v2\/media?parent=1198"}],"wp:term":[{"taxonomy":"product_brand","embeddable":true,"href":"https:\/\/servicioswebmedia.com\/pt\/wp-json\/wp\/v2\/product_brand?post=1198"},{"taxonomy":"product_cat","embeddable":true,"href":"https:\/\/servicioswebmedia.com\/pt\/wp-json\/wp\/v2\/product_cat?post=1198"},{"taxonomy":"product_tag","embeddable":true,"href":"https:\/\/servicioswebmedia.com\/pt\/wp-json\/wp\/v2\/product_tag?post=1198"}],"curies":[{"name":"wp","href":"https:\/\/api.w.org\/{rel}","templated":true}]}}