{"id":60,"date":"2024-10-26T14:59:18","date_gmt":"2024-10-26T14:59:18","guid":{"rendered":"https:\/\/servicioswebmedia.com\/pt\/about-us\/"},"modified":"2025-11-07T16:01:13","modified_gmt":"2025-11-07T16:01:13","slug":"agencia-de-marketing-digital","status":"publish","type":"page","link":"https:\/\/servicioswebmedia.com\/pt\/agencia-de-marketing-digital\/","title":{"rendered":"agencia de marketing digital"},"content":{"rendered":"\n<div class=\"wp-block-uagb-container uagb-layout-grid uagb-block-e63185fe alignfull uagb-is-root-container\"><div class=\"uagb-container-inner-blocks-wrap\">\n<div class=\"wp-block-uagb-advanced-heading uagb-block-6e7b9816\"><div class=\"uagb-separator\"><\/div><p class=\"uagb-heading-text\">agencia de marketing digital<\/p><\/div>\n\n\n\n<div class=\"wp-block-uagb-advanced-heading uagb-block-88cbb78a\"><h1 class=\"uagb-heading-text\">Agencia de marketing digital-SWM<\/h1><\/div>\n<\/div><\/div>\n\n\n\n<div class=\"wp-block-uagb-container uagb-block-611a69b7 alignfull uagb-is-root-container\"><div class=\"uagb-container-inner-blocks-wrap\">\n<div class=\"wp-block-uagb-container uagb-layout-grid uagb-block-23736215 alignfull uagb-is-root-container\"><div class=\"uagb-container-inner-blocks-wrap\">\n<div class=\"wp-block-uagb-info-box uagb-block-fbe7153b uagb-infobox__content-wrap  uagb-infobox-icon-above-title uagb-infobox-image-valign-top wp-block-uagb-info-box--has-margin\"><div class=\"uagb-infobox-margin-wrapper\"><div class=\"uagb-ifb-content\"><div class=\"uagb-ifb-title-wrap\"><h6 class=\"uagb-ifb-title-prefix\">01<\/h6><h5 class=\"uagb-ifb-title\"><strong>Nossa Miss\u00e3o<\/strong><\/h5><\/div><\/div><\/div><\/div>\n\n\n\n<div class=\"wp-block-uagb-advanced-heading uagb-block-3cc0ab6f\"><h2 class=\"uagb-heading-text\">Conhe\u00e7a a SWM<\/h2><\/div>\n<\/div><\/div>\n<\/div><\/div>\n\n\n\n<div class=\"wp-block-uagb-container uagb-block-1b47610a alignfull uagb-is-root-container\"><div class=\"uagb-container-inner-blocks-wrap\">\n<div class=\"wp-block-uagb-container uagb-block-486cbca5\">\n<div class=\"wp-block-uagb-advanced-heading uagb-block-dea4da72\"><h3 class=\"uagb-heading-text\">Ajudar pequenas e m\u00e9dias empresas a se destacarem no mundo digital atrav\u00e9s da <strong>automatiza\u00e7\u00e3o de processos<\/strong> e do uso de <strong>Intelig\u00eancia Artificial<\/strong>.<\/h3><\/div>\n\n\n\n<div class=\"wp-block-uagb-container uagb-layout-grid uagb-block-264b9815\">\n<div class=\"wp-block-uagb-advanced-heading uagb-block-e219e773\"><h3 class=\"uagb-heading-text\">Somos o fator decisivo para o seu sucesso<\/h3><\/div>\n\n\n\n<div class=\"wp-block-uagb-advanced-heading uagb-block-93987b5b\"><p class=\"uagb-heading-text\">Queremos que cada cliente possa <strong>aumentar sua efici\u00eancia<\/strong> e focar no crescimento, removendo as barreiras que os impedem de progredir. Sabemos que muitas PMEs enfrentam dificuldades como falta de tempo, recursos limitados e competitividade elevada. Estamos aqui para mudar essa realidade, oferecendo <strong>solu\u00e7\u00f5es personalizadas<\/strong> que simplificam e otimizam o dia a dia empresarial.<\/p><\/div>\n\n\n\n<p><\/p>\n\n\n\n<p><br><strong>Dar vida \u00e0s ideias atrav\u00e9s de solu\u00e7\u00f5es de design criativas e ponderadas, desde o nascimento da internet<\/strong><\/p>\n<\/div>\n<\/div>\n<\/div><\/div>\n\n\n\n<div class=\"wp-block-uagb-container uagb-layout-grid uagb-block-86eaa008 alignfull uagb-is-root-container\"><div class=\"uagb-container-inner-blocks-wrap\">\n<div class=\"wp-block-uagb-info-box uagb-block-50bb73fb uagb-infobox__content-wrap  uagb-infobox-icon-above-title uagb-infobox-image-valign-top wp-block-uagb-info-box--has-margin\"><div class=\"uagb-infobox-margin-wrapper\"><div class=\"uagb-ifb-content\"><div class=\"uagb-ifb-title-wrap\"><h6 class=\"uagb-ifb-title-prefix\">02<\/h6><h5 class=\"uagb-ifb-title\">Pessoas<\/h5><\/div><\/div><\/div><\/div>\n\n\n\n<div class=\"wp-block-uagb-advanced-heading uagb-block-a8324f59\"><h2 class=\"uagb-heading-text\">Equipa de Lideran\u00e7a<\/h2><\/div>\n<\/div><\/div>\n\n\n\n<div class=\"wp-block-uagb-container uagb-block-ed4d0f0a alignfull uagb-is-root-container\"><div class=\"uagb-container-inner-blocks-wrap\">\n<div class=\"wp-block-uagb-container uagb-layout-grid uagb-block-8a8ce6ba\">\n<div class=\"wp-block-uagb-info-box uagb-block-7baa4582 uagb-infobox__content-wrap  uagb-infobox-icon-above-title uagb-infobox-image-valign-top wp-block-uagb-info-box--has-margin\"><div class=\"uagb-infobox-margin-wrapper\"><div class=\"uagb-ifb-content\"><div class=\"uagb-ifb-image-content\"><img decoding=\"async\" src=\"https:\/\/servicioswebmedia.com\/pt\/wp-content\/uploads\/image-33-150x150.png\" alt=\"agencia de marketing digital\" width=\"100\" height=\"100\" loading=\"lazy\"\/><\/div><div class=\"uagb-ifb-title-wrap\"><h4 class=\"uagb-ifb-title-prefix\">Diego Rodriguez<\/h4><h6 class=\"uagb-ifb-title\">Project Manager<\/h6><\/div><\/div><\/div><\/div>\n\n\n\n<div class=\"wp-block-uagb-info-box uagb-block-5a10c1ea uagb-infobox__content-wrap  uagb-infobox-icon-above-title uagb-infobox-image-valign-top wp-block-uagb-info-box--has-margin\"><div class=\"uagb-infobox-margin-wrapper\"><div class=\"uagb-ifb-content\"><div class=\"uagb-ifb-image-content\"><img decoding=\"async\" src=\"https:\/\/servicioswebmedia.com\/pt\/wp-content\/uploads\/image-34-150x150.png\" alt=\"\" width=\"100\" height=\"100\" loading=\"lazy\"\/><\/div><div class=\"uagb-ifb-title-wrap\"><h4 class=\"uagb-ifb-title-prefix\">Rey Caibet<\/h4><h6 class=\"uagb-ifb-title\"><strong>Chief Designer<\/strong><\/h6><\/div><\/div><\/div><\/div>\n\n\n\n<div class=\"wp-block-uagb-info-box uagb-block-2a15b58f uagb-infobox__content-wrap  uagb-infobox-icon-above-title uagb-infobox-image-valign-top wp-block-uagb-info-box--has-margin\"><div class=\"uagb-infobox-margin-wrapper\"><div class=\"uagb-ifb-content\"><div class=\"uagb-ifb-image-content\"><img decoding=\"async\" src=\"https:\/\/servicioswebmedia.com\/pt\/wp-content\/uploads\/AG-team2.jpeg\" alt=\"\" width=\"100\" height=\"100\" loading=\"lazy\"\/><\/div><div class=\"uagb-ifb-title-wrap\"><h4 class=\"uagb-ifb-title-prefix\">Kelly Williams<\/h4><h6 class=\"uagb-ifb-title\"><strong>Marketing Strategist<\/strong><\/h6><\/div><\/div><\/div><\/div>\n<\/div>\n<\/div><\/div>\n\n\n\n<div class=\"wp-block-uagb-container uagb-layout-grid uagb-block-520eb4fc alignfull uagb-is-root-container\"><div class=\"uagb-container-inner-blocks-wrap\">\n<div class=\"wp-block-uagb-advanced-heading uagb-block-a200a530\"><div class=\"uagb-separator\"><\/div><p class=\"uagb-heading-text\">Your Attractive Heading<\/p><\/div>\n\n\n\n<div class=\"wp-block-uagb-advanced-heading uagb-block-9d04846d\"><h1 class=\"uagb-heading-text\"><strong>Hist\u00f3ria da Empresa<\/strong><\/h1><\/div>\n\n\n\n<p class=\"has-ast-global-color-5-color has-text-color has-link-color wp-elements-041961107d87c9d9f91e7ccdc2262c67\"><\/p>\n\n\n\n<p class=\"has-ast-global-color-5-color has-text-color has-link-color wp-elements-ae428faa83531a699120b1e2b282d26b\">Agencia de marketing digital, fundada em 2001 por apaixonados por tecnologia e inova\u00e7\u00e3o, a Servi\u00e7os Web Media surgiu para atender a uma necessidade crescente no mercado: tornar a <strong>tecnologia acess\u00edvel<\/strong> \u00e0s pequenas empresas. Iniciamos nossa jornada com o objetivo de <strong>descomplicar o digital<\/strong> e ajudar empreendedores a adotarem <strong>ferramentas de automatiza\u00e7\u00e3o<\/strong> e <strong>marketing digital<\/strong> de forma pr\u00e1tica e eficiente.<\/p>\n\n\n\n<p><\/p>\n\n\n\n<p class=\"has-ast-global-color-5-color has-text-color has-link-color wp-elements-124b0f223e96b170b15d85ed0becbd4e\">Ao longo dos anos, nos especializamos em <strong>solu\u00e7\u00f5es no-code<\/strong> e <strong>intelig\u00eancia artificial aplicada<\/strong>, sempre com o compromisso de melhorar a competitividade e otimiza\u00e7\u00e3o dos neg\u00f3cios dos nossos clientes.<\/p>\n<\/div><\/div>\n\n\n\n<div class=\"wp-block-uagb-container uagb-block-811814f1 alignfull uagb-is-root-container\"><div class=\"uagb-container-inner-blocks-wrap\">\n<div class=\"wp-block-uagb-advanced-heading uagb-block-f8044d57\"><h3 class=\"uagb-heading-text\">Solicite uma Consulta Gratuita<\/h3><\/div>\n\n\n\n<div class=\"wp-block-uagb-separator uagb-block-a654ee41\"><div class=\"wp-block-uagb-separator__inner\" style=\"--my-background-image:\"><\/div><\/div>\n\n\n\n<div style=\"height:50px\" aria-hidden=\"true\" class=\"wp-block-spacer\"><\/div>\n\n\n\n<script src=\"https:\/\/static.airtable.com\/js\/embed\/embed_snippet_v1.js\"><\/script><iframe loading=\"lazy\" class=\"airtable-embed airtable-dynamic-height\" src=\"https:\/\/airtable.com\/embed\/appFp9Qfk6A7g88Oy\/shr2KxdyLbarxFGlv\" frameborder=\"0\" onmousewheel=\"\" width=\"100%\" height=\"533\" style=\"background: transparent; border: 1px solid #ccc;\"><\/iframe>\n\n\n\n<div style=\"height:50px\" aria-hidden=\"true\" class=\"wp-block-spacer\"><\/div>\n<\/div><\/div>\n","protected":false},"excerpt":{"rendered":"<p>agencia de marketing digital Agencia de marketing digital-SWM Conhe\u00e7a a SWM Ajudar pequenas e m\u00e9dias empresas a se destacarem no mundo digital atrav\u00e9s da automatiza\u00e7\u00e3o de processos e do uso de Intelig\u00eancia Artificial. Somos o fator decisivo para o seu sucesso Queremos que cada cliente possa aumentar sua efici\u00eancia e focar no crescimento, removendo as [&hellip;]<\/p>\n","protected":false},"author":1,"featured_media":0,"parent":0,"menu_order":0,"comment_status":"closed","ping_status":"closed","template":"","meta":{"_uag_custom_page_level_css":"","site-sidebar-layout":"default","site-content-layout":"","ast-site-content-layout":"default","site-content-style":"default","site-sidebar-style":"default","ast-global-header-display":"","ast-banner-title-visibility":"","ast-main-header-display":"","ast-hfb-above-header-display":"","ast-hfb-below-header-display":"","ast-hfb-mobile-header-display":"","site-post-title":"disabled","ast-breadcrumbs-content":"","ast-featured-img":"","footer-sml-layout":"","ast-disable-related-posts":"","theme-transparent-header-meta":"enabled","adv-header-id-meta":"","stick-header-meta":"","header-above-stick-meta":"","header-main-stick-meta":"","header-below-stick-meta":"","astra-migrate-meta-layouts":"set","ast-page-background-enabled":"default","ast-page-background-meta":{"desktop":{"background-color":"var(--ast-global-color-4)","background-image":"","background-repeat":"repeat","background-position":"center center","background-size":"auto","background-attachment":"scroll","background-type":"","background-media":"","overlay-type":"","overlay-color":"","overlay-opacity":"","overlay-gradient":""},"tablet":{"background-color":"","background-image":"","background-repeat":"repeat","background-position":"center center","background-size":"auto","background-attachment":"scroll","background-type":"","background-media":"","overlay-type":"","overlay-color":"","overlay-opacity":"","overlay-gradient":""},"mobile":{"background-color":"","background-image":"","background-repeat":"repeat","background-position":"center center","background-size":"auto","background-attachment":"scroll","background-type":"","background-media":"","overlay-type":"","overlay-color":"","overlay-opacity":"","overlay-gradient":""}},"ast-content-background-meta":{"desktop":{"background-color":"var(--ast-global-color-5)","background-image":"","background-repeat":"repeat","background-position":"center center","background-size":"auto","background-attachment":"scroll","background-type":"","background-media":"","overlay-type":"","overlay-color":"","overlay-opacity":"","overlay-gradient":""},"tablet":{"background-color":"var(--ast-global-color-5)","background-image":"","background-repeat":"repeat","background-position":"center center","background-size":"auto","background-attachment":"scroll","background-type":"","background-media":"","overlay-type":"","overlay-color":"","overlay-opacity":"","overlay-gradient":""},"mobile":{"background-color":"var(--ast-global-color-5)","background-image":"","background-repeat":"repeat","background-position":"center center","background-size":"auto","background-attachment":"scroll","background-type":"","background-media":"","overlay-type":"","overlay-color":"","overlay-opacity":"","overlay-gradient":""}},"footnotes":""},"class_list":["post-60","page","type-page","status-publish","hentry"],"uagb_featured_image_src":{"full":false,"thumbnail":false,"medium":false,"medium_large":false,"large":false,"1536x1536":false,"2048x2048":false,"gform-image-choice-sm":false,"gform-image-choice-md":false,"gform-image-choice-lg":false,"woocommerce_thumbnail":false,"woocommerce_single":false,"woocommerce_gallery_thumbnail":false},"uagb_author_info":{"display_name":"SWM PT","author_link":"https:\/\/servicioswebmedia.com\/pt\/author\/pf7xml2apbcwsk9\/"},"uagb_comment_info":0,"uagb_excerpt":"agencia de marketing digital Agencia de marketing digital-SWM Conhe\u00e7a a SWM Ajudar pequenas e m\u00e9dias empresas a se destacarem no mundo digital atrav\u00e9s da automatiza\u00e7\u00e3o de processos e do uso de Intelig\u00eancia Artificial. Somos o fator decisivo para o seu sucesso Queremos que cada cliente possa aumentar sua efici\u00eancia e focar no crescimento, removendo as&hellip;","_links":{"self":[{"href":"https:\/\/servicioswebmedia.com\/pt\/wp-json\/wp\/v2\/pages\/60","targetHints":{"allow":["GET"]}}],"collection":[{"href":"https:\/\/servicioswebmedia.com\/pt\/wp-json\/wp\/v2\/pages"}],"about":[{"href":"https:\/\/servicioswebmedia.com\/pt\/wp-json\/wp\/v2\/types\/page"}],"author":[{"embeddable":true,"href":"https:\/\/servicioswebmedia.com\/pt\/wp-json\/wp\/v2\/users\/1"}],"replies":[{"embeddable":true,"href":"https:\/\/servicioswebmedia.com\/pt\/wp-json\/wp\/v2\/comments?post=60"}],"version-history":[{"count":0,"href":"https:\/\/servicioswebmedia.com\/pt\/wp-json\/wp\/v2\/pages\/60\/revisions"}],"wp:attachment":[{"href":"https:\/\/servicioswebmedia.com\/pt\/wp-json\/wp\/v2\/media?parent=60"}],"curies":[{"name":"wp","href":"https:\/\/api.w.org\/{rel}","templated":true}]}}